{"id":986,"date":"2018-09-25T12:28:59","date_gmt":"2018-09-25T10:28:59","guid":{"rendered":"http:\/\/epe.utcluj.ro\/?page_id=986"},"modified":"2023-10-03T15:40:55","modified_gmt":"2023-10-03T13:40:55","slug":"sctr_2020","status":"publish","type":"page","link":"https:\/\/epe.utcluj.ro\/index.php\/sctr_2020\/","title":{"rendered":"SCTR"},"content":{"rendered":"<div id=\"pl-986\"  class=\"panel-layout\" ><div id=\"pg-986-0\"  class=\"panel-grid panel-has-style\" ><div class=\"wide-grey panel-row-style panel-row-style-for-986-0\" ><div id=\"pgc-986-0-0\"  class=\"panel-grid-cell\" ><div id=\"panel-986-0-0-0\" class=\"so-panel widget widget_headline-widget panel-first-child panel-last-child\" data-index=\"0\" >\t\t<h1>Sisteme de calcul \u00een timp real<\/h1>\n\t\t<div class=\"decoration\"><div class=\"decoration-inside\"><\/div><\/div>\n\t\t<h3>Pagin\u0103 dedicat\u0103 studen\u021bilor \u0219i cadrelor didactice<\/h3>\n\t\t<\/div><\/div><\/div><\/div><div id=\"pg-986-1\"  class=\"panel-grid panel-no-style\" ><div id=\"pgc-986-1-0\"  class=\"panel-grid-cell\" ><div id=\"panel-986-1-0-0\" class=\"so-panel widget widget_circleicon-widget panel-first-child panel-last-child\" data-index=\"1\" >\t\t<div class=\"circle-icon-box circle-icon-position-top circle-icon-hide-box circle-icon-size-large \">\n\t\t\t\t\t\t\t<div class=\"circle-icon-wrapper\">\n\t\t\t\t\t\t\t\t\t\t<a href=\"https:\/\/epe.utcluj.ro\/index.php\/materiale_actuale_sctr_2020\/\" class=\"link-icon\" >\t\t\t\t\t<div class=\"circle-icon\" >\n\t\t\t\t\t\t\t\t\t\t\t\t\t<div\n\t\t\t\t\t\t\t\tclass=\"fa fa-hourglass-3\"\n\t\t\t\t\t\t\t\t\t\t\t\t\t\t\t><\/div>\n\t\t\t\t\t\t\t\t\t\t\t<\/div>\n\t\t\t\t\t<\/a>\t\t\t\t<\/div>\n\t\t\t\n\t\t\t\t\t\t\t<a\n\t\t\t\t\thref=\"https:\/\/epe.utcluj.ro\/index.php\/materiale_actuale_sctr_2020\/\"\n\t\t\t\t\tclass=\"link-title\" \t\t\t\t>\n\t\t\t\t\t\t\t\t\t\t<h4 >\n\t\t\t\t\tMateriale didactice din anii preceden\u021bi\t\t\t\t<\/h4>\n\t\t\t\t\t\t\t\t\t\t<\/a>\n\t\t\t\n\t\t\t\t\t\t\t<p class=\"text\" >\n\t\t\t\t\u00cen aceast\u0103 categorie, vor fi puse la dispozi\u021bie materialele \u0219i informa\u021biile din anii preceden\u021bi\t\t\t<\/p>\n\t\t\t\t\t\t\t\t\t\t<a\n\t\t\t\t\thref=\"https:\/\/epe.utcluj.ro\/index.php\/materiale_actuale_sctr_2020\/\"\n\t\t\t\t\tclass=\"more-button\"\n\t\t\t\t\t\t\t\t\t>\n\t\t\t\t\tAccesare materialele\t\t\t\t\t<i><\/i>\n\t\t\t\t<\/a>\n\t\t\t\t\t<\/div>\n\t\t<\/div><\/div><div id=\"pgc-986-1-1\"  class=\"panel-grid-cell\" ><div id=\"panel-986-1-1-0\" class=\"so-panel widget widget_circleicon-widget panel-first-child panel-last-child\" data-index=\"2\" >\t\t<div class=\"circle-icon-box circle-icon-position-top circle-icon-hide-box circle-icon-size-large \">\n\t\t\t\t\t\t\t<div class=\"circle-icon-wrapper\">\n\t\t\t\t\t\t\t\t\t\t<a href=\"https:\/\/epe.utcluj.ro\/index.php\/sisteme-de-calcul-in-timp-real-2\/\" class=\"link-icon\" >\t\t\t\t\t<div class=\"circle-icon icon-style-set\" style=\"background-color: #000000\">\n\t\t\t\t\t\t\t\t\t\t\t\t\t<div\n\t\t\t\t\t\t\t\tclass=\"fa fa-book  icon-style-set\"\n\t\t\t\t\t\t\t\tstyle=\"color: #81d742\"\t\t\t\t\t\t\t><\/div>\n\t\t\t\t\t\t\t\t\t\t\t<\/div>\n\t\t\t\t\t<\/a>\t\t\t\t<\/div>\n\t\t\t\n\t\t\t\t\t\t\t<a\n\t\t\t\t\thref=\"https:\/\/epe.utcluj.ro\/index.php\/sisteme-de-calcul-in-timp-real-2\/\"\n\t\t\t\t\tclass=\"link-title\" \t\t\t\t>\n\t\t\t\t\t\t\t\t\t\t<h4 >\n\t\t\t\t\tMateriale didactice actuale\t\t\t\t<\/h4>\n\t\t\t\t\t\t\t\t\t\t<\/a>\n\t\t\t\n\t\t\t\t\t\t\t<p class=\"text\" >\n\t\t\t\t\u00cen aceast\u0103 categorie, vor fi publicate materialele didactice prezente precum: prezent\u0103rile cursurilor \u0219i ale tematicilor specifice \u0219edin\u021bei de laborator, modele matematice, coduri de program, sau alte materiale auxiliare...\t\t\t<\/p>\n\t\t\t\t\t\t\t\t\t\t<a\n\t\t\t\t\thref=\"https:\/\/epe.utcluj.ro\/index.php\/sisteme-de-calcul-in-timp-real-2\/\"\n\t\t\t\t\tclass=\"more-button\"\n\t\t\t\t\t\t\t\t\t>\n\t\t\t\t\tAccesa\u021bi materialele\t\t\t\t\t<i><\/i>\n\t\t\t\t<\/a>\n\t\t\t\t\t<\/div>\n\t\t<\/div><\/div><\/div><div id=\"pg-986-2\"  class=\"panel-grid panel-no-style\" ><div id=\"pgc-986-2-0\"  class=\"panel-grid-cell\" ><div id=\"panel-986-2-0-0\" class=\"so-panel widget widget_siteorigin-panels-builder panel-first-child\" data-index=\"3\" ><div id=\"pl-w633d517cc8c05\"  class=\"panel-layout\" ><div id=\"pg-w633d517cc8c05-0\"  class=\"panel-grid panel-no-style\" ><div id=\"pgc-w633d517cc8c05-0-0\"  class=\"panel-grid-cell\" ><div id=\"panel-w633d517cc8c05-0-0-0\" class=\"so-panel widget widget_text panel-first-child panel-last-child\" data-index=\"0\" ><h3 class=\"widget-title\">Informa\u021bii publice:<\/h3>\t\t\t<div class=\"textwidget\"><\/div>\n\t\t<\/div><\/div><\/div><\/div><\/div><div id=\"panel-986-2-0-1\" class=\"so-panel widget widget_siteorigin-panels-builder panel-last-child\" data-index=\"4\" ><div id=\"pl-w651c19e148163\"  class=\"panel-layout\" ><div id=\"pg-w651c19e148163-0\"  class=\"panel-grid panel-no-style\" ><div id=\"pgc-w651c19e148163-0-0\"  class=\"panel-grid-cell\" ><div id=\"panel-w651c19e148163-0-0-0\" class=\"so-panel widget widget_text panel-first-child panel-last-child\" data-index=\"0\" ><h3 class=\"widget-title\">1. Organizarea materiei \u00een anul universitar 2023 &#8211; 2024:<\/h3>\t\t\t<div class=\"textwidget\"><p>Bun venit pe pagina oficial\u0103 a disciplinei \u201eSisteme de Calcul \u00een Timp Real\u201d (SCTR)!<br \/>\nAici vor fi publicate informa\u021biile oficiale cu privire la desf\u0103\u0219urarea activit\u0103\u021bii de la aceast\u0103 materie.<\/p>\n<p>Pentru \u0219edin\u021bele de laborator organizate anul acesta universitar (2023 &#8211; 2024) se propune urm\u0103toarea form\u0103 de organizare:<br \/>\n&#8211; desf\u0103\u0219urarea \u0219edin\u021belor de laborator, va avea loc \u00een format fizic \u00een sala 9 pe strada Observatorului nr. 2;<br \/>\n&#8211; Prezen\u021bele, notele \u0219i alte documente statistice legate de activitatea didactic\u0103, se vor reg\u0103si pe grupul specific disciplinei \u00een cadrul platformei Microsoft Teams;<br \/>\n&#8211; Materialele didactice \u0219i auxiliare utilizate actual \u00een cadrul \u0219edin\u021belor de laborator se vor reg\u0103si \u00een categoria \u201e<a href=\"https:\/\/epe.utcluj.ro\/index.php\/sisteme-de-calcul-in-timp-real-2\/\">Materiale didactice actuale<\/a>\u201d;<br \/>\n&#8211; Materialele didactice \u0219i auxiliare din anii preceden\u021bi, se vor reg\u0103si \u00een categoria \u201e<a href=\"https:\/\/epe.utcluj.ro\/index.php\/materiale_actuale_sctr_2020\/\">Materiale didactice din anii preceden\u021bi<\/a>\u201d<\/p>\n<\/div>\n\t\t<\/div><\/div><\/div><\/div><\/div><\/div><\/div><div id=\"pg-986-3\"  class=\"panel-grid panel-no-style\" ><div id=\"pgc-986-3-0\"  class=\"panel-grid-cell panel-grid-cell-empty\" ><\/div><\/div><div id=\"pg-986-4\"  class=\"panel-grid panel-no-style\" ><div id=\"pgc-986-4-0\"  class=\"panel-grid-cell\" ><div id=\"panel-986-4-0-0\" class=\"so-panel widget widget_siteorigin-panels-builder panel-first-child panel-last-child\" data-index=\"5\" ><div id=\"pl-w633d509386ccc\"  class=\"panel-layout\" ><div id=\"pg-w633d509386ccc-0\"  class=\"panel-grid panel-no-style\" ><div id=\"pgc-w633d509386ccc-0-0\"  class=\"panel-grid-cell\" ><div id=\"panel-w633d509386ccc-0-0-0\" class=\"so-panel widget widget_text panel-first-child panel-last-child\" data-index=\"0\" ><h3 class=\"widget-title\">Date de contact<\/h3>\t\t\t<div class=\"textwidget\"><p>Responsabil curs:<br \/>\nSzoke Eniko: Eniko.Szoke@emd.utcluj.ro<br \/>\nSala de curs: strada George Bari\u021biu, nr. 26, Cluj Napoca, Romania, sala H21<\/p>\n<p>Responsabil laborator:<br \/>\nPintilie Lucian &#8211; Nicolae: Lucian.Pintilie@emd.utcluj.ro<br \/>\nSala de laborator: strada Observatorului nr. 2, sala 9<\/p>\n<\/div>\n\t\t<\/div><\/div><\/div><\/div><\/div><\/div><\/div><\/div>","protected":false},"excerpt":{"rendered":"<p>Sisteme de calcul \u00een timp real Pagin\u0103 dedicat\u0103 studen\u021bilor \u0219i cadrelor didactice Materiale didactice din anii preceden\u021bi \u00cen aceast\u0103 categorie, vor fi puse la dispozi\u021bie materialele \u0219i informa\u021biile din anii preceden\u021bi Accesare materialele Materiale didactice actuale \u00cen aceast\u0103 categorie, vor fi publicate materialele didactice prezente precum: prezent\u0103rile cursurilor \u0219i ale tematicilor specifice \u0219edin\u021bei de laborator, [&hellip;]<\/p>\n","protected":false},"author":1,"featured_media":0,"parent":0,"menu_order":0,"comment_status":"closed","ping_status":"closed","template":"","meta":{"footnotes":""},"class_list":["post-986","page","type-page","status-publish","hentry","post"],"_links":{"self":[{"href":"https:\/\/epe.utcluj.ro\/index.php\/wp-json\/wp\/v2\/pages\/986","targetHints":{"allow":["GET"]}}],"collection":[{"href":"https:\/\/epe.utcluj.ro\/index.php\/wp-json\/wp\/v2\/pages"}],"about":[{"href":"https:\/\/epe.utcluj.ro\/index.php\/wp-json\/wp\/v2\/types\/page"}],"author":[{"embeddable":true,"href":"https:\/\/epe.utcluj.ro\/index.php\/wp-json\/wp\/v2\/users\/1"}],"replies":[{"embeddable":true,"href":"https:\/\/epe.utcluj.ro\/index.php\/wp-json\/wp\/v2\/comments?post=986"}],"version-history":[{"count":183,"href":"https:\/\/epe.utcluj.ro\/index.php\/wp-json\/wp\/v2\/pages\/986\/revisions"}],"predecessor-version":[{"id":2539,"href":"https:\/\/epe.utcluj.ro\/index.php\/wp-json\/wp\/v2\/pages\/986\/revisions\/2539"}],"wp:attachment":[{"href":"https:\/\/epe.utcluj.ro\/index.php\/wp-json\/wp\/v2\/media?parent=986"}],"curies":[{"name":"wp","href":"https:\/\/api.w.org\/{rel}","templated":true}]}}