{"id":947,"date":"2018-05-25T10:25:33","date_gmt":"2018-05-25T08:25:33","guid":{"rendered":"http:\/\/epe.utcluj.ro\/?page_id=947"},"modified":"2026-02-26T20:37:26","modified_gmt":"2026-02-26T18:37:26","slug":"sisteme-cu-microprocesoare","status":"publish","type":"page","link":"https:\/\/epe.utcluj.ro\/index.php\/sisteme-cu-microprocesoare\/","title":{"rendered":"Sisteme cu microprocesoare"},"content":{"rendered":"<div id=\"pl-947\"  class=\"panel-layout\" ><div id=\"pg-947-0\"  class=\"panel-grid panel-has-style\" ><div class=\"wide-grey panel-row-style panel-row-style-for-947-0\" ><div id=\"pgc-947-0-0\"  class=\"panel-grid-cell\" ><div id=\"panel-947-0-0-0\" class=\"so-panel widget widget_headline-widget panel-first-child panel-last-child\" data-index=\"0\" >\t\t<h1>Sisteme cu microprocesoare<\/h1>\n\t\t<div class=\"decoration\"><div class=\"decoration-inside\"><\/div><\/div>\n\t\t<h3>Documenta\u021bie pentru laboratorul de Sisteme cu Microprocesoare<\/h3>\n\t\t<\/div><\/div><\/div><\/div><div id=\"pg-947-1\"  class=\"panel-grid panel-no-style\" ><div id=\"pgc-947-1-0\"  class=\"panel-grid-cell\" ><div id=\"panel-947-1-0-0\" class=\"so-panel widget widget_circleicon-widget panel-first-child panel-last-child\" data-index=\"1\" >\t\t<div class=\"circle-icon-box circle-icon-position-top circle-icon-hide-box circle-icon-size-large \">\n\t\t\t\t\t\t\t<div class=\"circle-icon-wrapper\">\n\t\t\t\t\t\t\t\t\t\t<a href=\"https:\/\/epe.utcluj.ro\/SMP_2024\/ZIP\/SMP_Lab_I_2024.zip\" class=\"link-icon\" >\t\t\t\t\t<div class=\"circle-icon\" >\n\t\t\t\t\t\t\t\t\t\t\t\t\t<div\n\t\t\t\t\t\t\t\tclass=\"fa fa-pencil-square-o\"\n\t\t\t\t\t\t\t\t\t\t\t\t\t\t\t><\/div>\n\t\t\t\t\t\t\t\t\t\t\t<\/div>\n\t\t\t\t\t<\/a>\t\t\t\t<\/div>\n\t\t\t\n\t\t\t\t\t\t\t<a\n\t\t\t\t\thref=\"https:\/\/epe.utcluj.ro\/SMP_2024\/ZIP\/SMP_Lab_I_2024.zip\"\n\t\t\t\t\tclass=\"link-title\" \t\t\t\t>\n\t\t\t\t\t\t\t\t\t\t<h4 >\n\t\t\t\t\tIntroducerea \u00een domeniul sistemelor integrate (eng. Embedded)\t\t\t\t<\/h4>\n\t\t\t\t\t\t\t\t\t\t<\/a>\n\t\t\t\n\t\t\t\t\t\t\t<p class=\"text\" >\n\t\t\t\tScurt\u0103 incursiune \u00een aplica\u021bii cu microcontrolere \u0219i microprocesoare \u00eencorporate, descrierea generalizat\u0103 a domeniului, termeni \u0219i no\u021biuni introductive.\t\t\t<\/p>\n\t\t\t\t\t\t\t\t\t\t<a\n\t\t\t\t\thref=\"https:\/\/epe.utcluj.ro\/SMP_2024\/ZIP\/SMP_Lab_I_2024.zip\"\n\t\t\t\t\tclass=\"more-button\"\n\t\t\t\t\t\t\t\t\t>\n\t\t\t\t\tDesc\u0103rcare documenta\u021bie\t\t\t\t\t<i><\/i>\n\t\t\t\t<\/a>\n\t\t\t\t\t<\/div>\n\t\t<\/div><\/div><div id=\"pgc-947-1-1\"  class=\"panel-grid-cell\" ><div id=\"panel-947-1-1-0\" class=\"so-panel widget widget_circleicon-widget panel-first-child panel-last-child\" data-index=\"2\" >\t\t<div class=\"circle-icon-box circle-icon-position-top circle-icon-hide-box circle-icon-size-large \">\n\t\t\t\t\t\t\t<div class=\"circle-icon-wrapper\">\n\t\t\t\t\t\t\t\t\t\t<a href=\"https:\/\/epe.utcluj.ro\/SMP_2024\/ZIP\/SMP_Lab_II_2024.zip\" class=\"link-icon\" >\t\t\t\t\t<div class=\"circle-icon\" >\n\t\t\t\t\t\t\t\t\t\t\t\t\t<div\n\t\t\t\t\t\t\t\tclass=\"fa fa-microchip\"\n\t\t\t\t\t\t\t\t\t\t\t\t\t\t\t><\/div>\n\t\t\t\t\t\t\t\t\t\t\t<\/div>\n\t\t\t\t\t<\/a>\t\t\t\t<\/div>\n\t\t\t\n\t\t\t\t\t\t\t<a\n\t\t\t\t\thref=\"https:\/\/epe.utcluj.ro\/SMP_2024\/ZIP\/SMP_Lab_II_2024.zip\"\n\t\t\t\t\tclass=\"link-title\" \t\t\t\t>\n\t\t\t\t\t\t\t\t\t\t<h4 >\n\t\t\t\t\tPrezentarea metodelor de manipulare a intr\u0103rilor \u0219i ie\u0219irilor digitale de uz general\t\t\t\t<\/h4>\n\t\t\t\t\t\t\t\t\t\t<\/a>\n\t\t\t\n\t\t\t\t\t\t\t<p class=\"text\" >\n\t\t\t\tIntroducere \u00een limbajul Wiring C++ \u0219i prezentarea platformelor din familia AVR\t\t\t<\/p>\n\t\t\t\t\t\t\t\t\t\t<a\n\t\t\t\t\thref=\"https:\/\/epe.utcluj.ro\/SMP_2024\/ZIP\/SMP_Lab_II_2024.zip\"\n\t\t\t\t\tclass=\"more-button\"\n\t\t\t\t\t\t\t\t\t>\n\t\t\t\t\tDesc\u0103rcare documenta\u021bie\t\t\t\t\t<i><\/i>\n\t\t\t\t<\/a>\n\t\t\t\t\t<\/div>\n\t\t<\/div><\/div><div id=\"pgc-947-1-2\"  class=\"panel-grid-cell\" ><div id=\"panel-947-1-2-0\" class=\"so-panel widget widget_circleicon-widget panel-first-child panel-last-child\" data-index=\"3\" >\t\t<div class=\"circle-icon-box circle-icon-position-top circle-icon-hide-box circle-icon-size-large \">\n\t\t\t\t\t\t\t<div class=\"circle-icon-wrapper\">\n\t\t\t\t\t\t\t\t\t\t<a href=\"https:\/\/epe.utcluj.ro\/SMP_2024\/ZIP\/SMP_Lab_III_2024.zip\" class=\"link-icon\" >\t\t\t\t\t<div class=\"circle-icon\" >\n\t\t\t\t\t\t\t\t\t\t\t\t\t<div\n\t\t\t\t\t\t\t\tclass=\"fa fa-bar-chart\"\n\t\t\t\t\t\t\t\t\t\t\t\t\t\t\t><\/div>\n\t\t\t\t\t\t\t\t\t\t\t<\/div>\n\t\t\t\t\t<\/a>\t\t\t\t<\/div>\n\t\t\t\n\t\t\t\t\t\t\t<a\n\t\t\t\t\thref=\"https:\/\/epe.utcluj.ro\/SMP_2024\/ZIP\/SMP_Lab_III_2024.zip\"\n\t\t\t\t\tclass=\"link-title\" \t\t\t\t>\n\t\t\t\t\t\t\t\t\t\t<h4 >\n\t\t\t\t\tManipularea perifericelor analogice\t\t\t\t<\/h4>\n\t\t\t\t\t\t\t\t\t\t<\/a>\n\t\t\t\n\t\t\t\t\t\t\t<p class=\"text\" >\n\t\t\t\tPreluarea semnalelor analogice, generarea semnalelor modulate \u00een durat\u0103 a impulsurilor (eng. Pulse Width Modulation).\t\t\t<\/p>\n\t\t\t\t\t\t\t\t\t\t<a\n\t\t\t\t\thref=\"https:\/\/epe.utcluj.ro\/SMP_2024\/ZIP\/SMP_Lab_III_2024.zip\"\n\t\t\t\t\tclass=\"more-button\"\n\t\t\t\t\t\t\t\t\t>\n\t\t\t\t\tDesc\u0103rcare documenta\u021bie\t\t\t\t\t<i><\/i>\n\t\t\t\t<\/a>\n\t\t\t\t\t<\/div>\n\t\t<\/div><\/div><div id=\"pgc-947-1-3\"  class=\"panel-grid-cell\" ><div id=\"panel-947-1-3-0\" class=\"so-panel widget widget_circleicon-widget panel-first-child panel-last-child\" data-index=\"4\" >\t\t<div class=\"circle-icon-box circle-icon-position-top circle-icon-hide-box circle-icon-size-large \">\n\t\t\t\t\t\t\t<div class=\"circle-icon-wrapper\">\n\t\t\t\t\t\t\t\t\t\t<a href=\"https:\/\/epe.utcluj.ro\/SMP_2024\/ZIP\/SMP_Lab_IV_2024.zip\" class=\"link-icon\" >\t\t\t\t\t<div class=\"circle-icon\" >\n\t\t\t\t\t\t\t\t\t\t\t\t\t<div\n\t\t\t\t\t\t\t\tclass=\"fa fa-dashboard\"\n\t\t\t\t\t\t\t\t\t\t\t\t\t\t\t><\/div>\n\t\t\t\t\t\t\t\t\t\t\t<\/div>\n\t\t\t\t\t<\/a>\t\t\t\t<\/div>\n\t\t\t\n\t\t\t\t\t\t\t<a\n\t\t\t\t\thref=\"https:\/\/epe.utcluj.ro\/SMP_2024\/ZIP\/SMP_Lab_IV_2024.zip\"\n\t\t\t\t\tclass=\"link-title\" \t\t\t\t>\n\t\t\t\t\t\t\t\t\t\t<h4 >\n\t\t\t\t\tAplica\u021bii generale de interfa\u021bare\t\t\t\t<\/h4>\n\t\t\t\t\t\t\t\t\t\t<\/a>\n\t\t\t\n\t\t\t\t\t\t\t<p class=\"text\" >\n\t\t\t\tUtilizarea elementelor de interac\u021biune cu factorul uman (ex. LCD, senzor ultrasonic)\t\t\t<\/p>\n\t\t\t\t\t\t\t\t\t\t<a\n\t\t\t\t\thref=\"https:\/\/epe.utcluj.ro\/SMP_2024\/ZIP\/SMP_Lab_IV_2024.zip\"\n\t\t\t\t\tclass=\"more-button\"\n\t\t\t\t\t\t\t\t\t>\n\t\t\t\t\tDesc\u0103rcare documenta\u021bie\t\t\t\t\t<i><\/i>\n\t\t\t\t<\/a>\n\t\t\t\t\t<\/div>\n\t\t<\/div><\/div><div id=\"pgc-947-1-4\"  class=\"panel-grid-cell\" ><div id=\"panel-947-1-4-0\" class=\"so-panel widget widget_circleicon-widget panel-first-child panel-last-child\" data-index=\"5\" >\t\t<div class=\"circle-icon-box circle-icon-position-top circle-icon-hide-box circle-icon-size-large \">\n\t\t\t\t\t\t\t<div class=\"circle-icon-wrapper\">\n\t\t\t\t\t\t\t\t\t\t<a href=\"https:\/\/epe.utcluj.ro\/SMP_2024\/ZIP\/SMP_Lab_V_2024.zip\" class=\"link-icon\" >\t\t\t\t\t<div class=\"circle-icon\" >\n\t\t\t\t\t\t\t\t\t\t\t\t\t<div\n\t\t\t\t\t\t\t\tclass=\"fa fa-exchange\"\n\t\t\t\t\t\t\t\t\t\t\t\t\t\t\t><\/div>\n\t\t\t\t\t\t\t\t\t\t\t<\/div>\n\t\t\t\t\t<\/a>\t\t\t\t<\/div>\n\t\t\t\n\t\t\t\t\t\t\t<a\n\t\t\t\t\thref=\"https:\/\/epe.utcluj.ro\/SMP_2024\/ZIP\/SMP_Lab_V_2024.zip\"\n\t\t\t\t\tclass=\"link-title\" \t\t\t\t>\n\t\t\t\t\t\t\t\t\t\t<h4 >\n\t\t\t\t\tProtocoale de comunica\u021bie\t\t\t\t<\/h4>\n\t\t\t\t\t\t\t\t\t\t<\/a>\n\t\t\t\n\t\t\t\t\t\t\t<p class=\"text\" >\n\t\t\t\tUtilizarea diverselor protocoale de comunica\u021bie \u00eentre micro-controllere (UART, I2C, SPI)\t\t\t<\/p>\n\t\t\t\t\t\t\t\t\t\t<a\n\t\t\t\t\thref=\"https:\/\/epe.utcluj.ro\/SMP_2024\/ZIP\/SMP_Lab_V_2024.zip\"\n\t\t\t\t\tclass=\"more-button\"\n\t\t\t\t\t\t\t\t\t>\n\t\t\t\t\tDesc\u0103rcare documenta\u021bie\t\t\t\t\t<i><\/i>\n\t\t\t\t<\/a>\n\t\t\t\t\t<\/div>\n\t\t<\/div><\/div><div id=\"pgc-947-1-5\"  class=\"panel-grid-cell\" ><div id=\"panel-947-1-5-0\" class=\"so-panel widget widget_circleicon-widget panel-first-child panel-last-child\" data-index=\"6\" >\t\t<div class=\"circle-icon-box circle-icon-position-top circle-icon-hide-box circle-icon-size-large \">\n\t\t\t\t\t\t\t<div class=\"circle-icon-wrapper\">\n\t\t\t\t\t\t\t\t\t\t<a href=\"https:\/\/epe.utcluj.ro\/SMP_2024\/ZIP\/SMP_Lab_VI_2024.zip\" class=\"link-icon\" >\t\t\t\t\t<div class=\"circle-icon\" >\n\t\t\t\t\t\t\t\t\t\t\t\t\t<div\n\t\t\t\t\t\t\t\tclass=\"fa fa-line-chart\"\n\t\t\t\t\t\t\t\t\t\t\t\t\t\t\t><\/div>\n\t\t\t\t\t\t\t\t\t\t\t<\/div>\n\t\t\t\t\t<\/a>\t\t\t\t<\/div>\n\t\t\t\n\t\t\t\t\t\t\t<a\n\t\t\t\t\thref=\"https:\/\/epe.utcluj.ro\/SMP_2024\/ZIP\/SMP_Lab_VI_2024.zip\"\n\t\t\t\t\tclass=\"link-title\" \t\t\t\t>\n\t\t\t\t\t\t\t\t\t\t<h4 >\n\t\t\t\t\tMediul Matlab - Simulink \u0219i platforma Arduino\t\t\t\t<\/h4>\n\t\t\t\t\t\t\t\t\t\t<\/a>\n\t\t\t\n\t\t\t\t\t\t\t<p class=\"text\" >\n\t\t\t\tUtilizarea platformei Arduino \u00eempreun\u0103 cu mediul Matlab - Simulink\t\t\t<\/p>\n\t\t\t\t\t\t\t\t\t\t<a\n\t\t\t\t\thref=\"https:\/\/epe.utcluj.ro\/SMP_2024\/ZIP\/SMP_Lab_VI_2024.zip\"\n\t\t\t\t\tclass=\"more-button\"\n\t\t\t\t\t\t\t\t\t>\n\t\t\t\t\tDesc\u0103rcare documenta\u021bie\t\t\t\t\t<i><\/i>\n\t\t\t\t<\/a>\n\t\t\t\t\t<\/div>\n\t\t<\/div><\/div><\/div><div id=\"pg-947-2\"  class=\"panel-grid panel-no-style\" ><div id=\"pgc-947-2-0\"  class=\"panel-grid-cell\" ><div id=\"panel-947-2-0-0\" class=\"so-panel widget widget_sow-editor panel-first-child\" data-index=\"7\" ><div\n\t\t\t\n\t\t\tclass=\"so-widget-sow-editor so-widget-sow-editor-base\"\n\t\t\t\n\t\t><h3 class=\"widget-title\">\u0218edin\u021ba de laborator nr. 1 - Materiale didactice multimedia<\/h3>\n<div class=\"siteorigin-widget-tinymce textwidget\">\n\t<p>\u00cen cadrul primei \u0219edin\u021be de laborator se vor utiliza urm\u0103toarele materiale multimedia:<\/p>\n<p>- <a href=\"https:\/\/epe.utcluj.ro\/SMP_2021\/Video\/Lab_1_Assembly_ATMega328P.mp4\">Programarea microcontrollerului ATMega 328p \u00een limbaj hibrid sintax\u0103 - asamblare;<\/a><\/p>\n<\/div>\n<\/div><\/div><div id=\"panel-947-2-0-1\" class=\"so-panel widget widget_sow-editor\" data-index=\"8\" ><div\n\t\t\t\n\t\t\tclass=\"so-widget-sow-editor so-widget-sow-editor-base\"\n\t\t\t\n\t\t><h3 class=\"widget-title\">\u0218edin\u021ba de laborator nr. 2 - Materiale didactice multimedia<\/h3>\n<div class=\"siteorigin-widget-tinymce textwidget\">\n\t<p>\u00cen cadrul celei de-a doua \u0219edin\u021be de laborator se vor utiliza urm\u0103toarele materiale multimedia:<\/p>\n<p>- <a href=\"https:\/\/epe.utcluj.ro\/SMP_2021\/Video\/Lab_2_ap_1.mp4\">Semnalizare intermitent\u0103 cu o diod\u0103 electroluminiscent\u0103;<\/a><br \/>\n- <a href=\"https:\/\/epe.utcluj.ro\/SMP_2021\/Video\/Lab_2_ap_2.mp4\">Semnalizare intermitent\u0103 cu dou\u0103 diode electroluminiscente;<\/a><br \/>\n- <a href=\"https:\/\/epe.utcluj.ro\/SMP_2021\/Video\/Lab_2_ap_3.mp4\">Semnalizare cu opt diode electroluminiscente;<\/a><br \/>\n- <a href=\"https:\/\/epe.utcluj.ro\/SMP_2021\/Video\/Lab_2_ap_4.mp4\">Citirea st\u0103rii unui buton;<\/a><br \/>\n- <a href=\"https:\/\/epe.utcluj.ro\/SMP_2021\/Video\/Lab_2_ap_5.mp4\">Ac\u021bionarea diodei electroluminiscente prin intermediul butonului;<\/a><br \/>\n- <a href=\"https:\/\/epe.utcluj.ro\/SMP_2021\/Video\/Lab_2_ap_6.mp4\">Autore\u021binere simpl\u0103 cu dou\u0103 butoane \u0219i o diod\u0103 electroluminiscent\u0103;<\/a><\/p>\n<\/div>\n<\/div><\/div><div id=\"panel-947-2-0-2\" class=\"so-panel widget widget_sow-editor\" data-index=\"9\" ><div\n\t\t\t\n\t\t\tclass=\"so-widget-sow-editor so-widget-sow-editor-base\"\n\t\t\t\n\t\t><h3 class=\"widget-title\">\u0218edin\u021ba de laborator nr. 3 - Materiale didactice multimedia<\/h3>\n<div class=\"siteorigin-widget-tinymce textwidget\">\n\t<p>\u00cen cadrul celei de-a treia \u0219edin\u021be de laborator se vor utiliza urm\u0103toarele materiale multimedia:<\/p>\n<p><span class=\"fontstyle0\">- <a href=\"https:\/\/epe.utcluj.ro\/SMP_2021\/Video\/Lab_3_ap_1.mp4\">Func\u021bionarea convertorului analog \u2013 digital (afi\u0219are \u00een monitorul serial);<\/a><\/span><br \/>\n<span class=\"fontstyle0\">- <a href=\"https:\/\/epe.utcluj.ro\/SMP_2021\/Video\/Lab_3_ap_2.mp4\">Transformarea rezultatului de conversie \u00een valori de tensiune;<\/a><\/span><br \/>\n<span class=\"fontstyle0\">- <a href=\"https:\/\/epe.utcluj.ro\/SMP_2021\/Video\/Lab_3_ap_3.mp4\">Citirea temperaturii cu ajutorul senzorului LM35;<\/a><\/span><br \/>\n<span class=\"fontstyle0\">- <a href=\"https:\/\/epe.utcluj.ro\/SMP_2021\/Video\/Lab_3_ap_4.mp4\">Implementarea unui comparator numeric cu prag reglabil;<\/a><\/span><br \/>\n<span class=\"fontstyle0\">- <a href=\"https:\/\/epe.utcluj.ro\/SMP_2021\/Video\/Lab_3_ap_5.mp4\">Implementarea unei coloane luminoase indicatoare de nivel;<\/a><\/span><br \/>\n<span class=\"fontstyle0\">- <a href=\"https:\/\/epe.utcluj.ro\/SMP_2021\/Video\/Lab_3_ap_6.mp4\">Generarea unui semnal dreptunghiular modulat \u00een durat\u0103 (poten\u021biometru);<\/a><\/span><\/p>\n<\/div>\n<\/div><\/div><div id=\"panel-947-2-0-3\" class=\"so-panel widget widget_sow-editor\" data-index=\"10\" ><div\n\t\t\t\n\t\t\tclass=\"so-widget-sow-editor so-widget-sow-editor-base\"\n\t\t\t\n\t\t><h3 class=\"widget-title\">\u0218edin\u021ba de laborator nr. 4 - Materiale didactice multimedia<\/h3>\n<div class=\"siteorigin-widget-tinymce textwidget\">\n\t<p>\u00cen cadrul celei de-a patra \u0219edin\u021be de laborator se vor utiliza urm\u0103toarele materiale multimedia:<\/p>\n<p><span class=\"fontstyle0\">- <a href=\"https:\/\/epe.utcluj.ro\/SMP_2021\/Video\/Lab_4_Ap_1.mp4\">Controlul digital al factorului de umplere;<\/a><br \/>\n- <a href=\"https:\/\/epe.utcluj.ro\/SMP_2021\/Video\/Lab_4_Ap_2.mp4\">Preluarea temperaturii de la un senzor \u0219i medierea semnalului;<\/a><br \/>\n- <a href=\"https:\/\/epe.utcluj.ro\/SMP_2021\/Video\/Lab_4_Ap_3.mp4\">M\u0103surarea distan\u021bei cu ajutorul senzorului ultrasonic HC \u2013 SR04<\/a>;<br \/>\n- <a href=\"https:\/\/epe.utcluj.ro\/SMP_2021\/Video\/Lab_4_Ap_4.mp4\">Utilizarea unui afi\u0219aj de tip LCD<\/a>;<br \/>\n- <a href=\"https:\/\/epe.utcluj.ro\/SMP_2021\/Video\/Lab_4_Ap_5.mp4\">Implementarea unui termometru digital (microcontroller + senzor + LCD)<\/a>;<br \/>\n- <a href=\"https:\/\/epe.utcluj.ro\/SMP_2021\/Video\/Lab_4_Ap_6.mp4\">Implementarea unei rigle digitale (microcontroller + senzor ultrasonic + LCD)<\/a>;<\/span><\/p>\n<\/div>\n<\/div><\/div><div id=\"panel-947-2-0-4\" class=\"so-panel widget widget_sow-editor\" data-index=\"11\" ><div\n\t\t\t\n\t\t\tclass=\"so-widget-sow-editor so-widget-sow-editor-base\"\n\t\t\t\n\t\t><h3 class=\"widget-title\">\u0218edin\u021ba de laborator nr. 5 - Materiale didactice multimedia<\/h3>\n<div class=\"siteorigin-widget-tinymce textwidget\">\n\t<p>\u00cen cadrul celei de-a cincea \u0219edin\u021be de laborator se vor utiliza urm\u0103toarele materiale multimedia:<\/p>\n<p>- <a href=\"https:\/\/epe.utcluj.ro\/SMP_2021\/Video\/Lab_5_Ap_1.mp4\">Varia\u021bia factorului de umplere prin intermediul comenzilor Serial;<\/a><br \/>\n- <a href=\"https:\/\/epe.utcluj.ro\/SMP_2021\/Video\/Lab_5_Ap_2.mp4\">Realizarea comunica\u021biei pe dou\u0103 fire prin interfa\u021ba Serial (UART);<\/a><br \/>\n- <a href=\"https:\/\/epe.utcluj.ro\/SMP_2021\/Video\/Lab_5_Ap_3.mp4\">Realizarea comunica\u021biei pe dou\u0103 fire prin interfa\u021ba I2C;<\/a><br \/>\n- <a href=\"https:\/\/epe.utcluj.ro\/SMP_2021\/Video\/Lab_5_Ap_4.mp4\">Realizarea comunica\u021biei \u00eentre micro-controllerul ATMega 328P \u0219i ATTiny85;<\/a><br \/>\n- <a href=\"https:\/\/epe.utcluj.ro\/SCTR_2020\/Video\/Python_I2C.mp4\">Realizarea comunica\u021biei pe dou\u0103 fire prin interfa\u021ba I2C \u00eentr-o re\u021bea de sisteme de calcul (partea I);<\/a><br \/>\n- <a href=\"https:\/\/epe.utcluj.ro\/SCTR_2020\/Video\/NodeRed_I2C.mp4\">Realizarea comunica\u021biei pe dou\u0103 fire prin interfa\u021ba I2C \u00eentr-o re\u021bea de sisteme de calcul (partea a - II - a);<\/a><\/p>\n<\/div>\n<\/div><\/div><div id=\"panel-947-2-0-5\" class=\"so-panel widget widget_sow-editor\" data-index=\"12\" ><div\n\t\t\t\n\t\t\tclass=\"so-widget-sow-editor so-widget-sow-editor-base\"\n\t\t\t\n\t\t><h3 class=\"widget-title\">\u0218edin\u021ba de laborator nr. 6 - Materiale didactice multimedia<\/h3>\n<div class=\"siteorigin-widget-tinymce textwidget\">\n\t<p>\u00cen cadrul celei de-a \u0219asea \u0219edin\u021be de laborator se vor utiliza urm\u0103toarele materiale multimedia:<\/p>\n<p>- <a href=\"https:\/\/epe.utcluj.ro\/SMP_2021\/Video\/Configurare_Arduino_IO.mp4\">Etapele necesare pentru configurarea ini\u021bial\u0103;<\/a><br \/>\n- <a href=\"https:\/\/epe.utcluj.ro\/SMP_2021\/Video\/Lab_6_Ap_1.mp4\">Semnalizare alternativ\u0103 cu dou\u0103 diode electroluminiscente (LED);<\/a><br \/>\n- <a href=\"https:\/\/epe.utcluj.ro\/SMP_2021\/Video\/Lab_6_Ap_2.mp4\">Varia\u021bia intensit\u0103\u021bii luminoase pe baza semnalelor modulate \u00een l\u0103\u021bime;<\/a><br \/>\n- <a href=\"https:\/\/epe.utcluj.ro\/SMP_2021\/Video\/Lab_6_Ap_3.mp4\">Achizi\u021bia unui semnal digital;<\/a><br \/>\n- <a href=\"https:\/\/epe.utcluj.ro\/SMP_2021\/Video\/Lab_6_Ap_4.mp4\">Achizi\u021bia unui semnal analogic;<\/a><br \/>\n- <a href=\"https:\/\/epe.utcluj.ro\/SMP_2021\/Video\/Lab_6_Ap_5.mp4\">Generarea unor semnale de comand\u0103 \u00een func\u021bie de m\u0103rimea achizi\u021bionat\u0103;<\/a><\/p>\n<\/div>\n<\/div><\/div><div id=\"panel-947-2-0-6\" class=\"so-panel widget widget_sow-editor\" data-index=\"13\" ><div\n\t\t\t\n\t\t\tclass=\"so-widget-sow-editor so-widget-sow-editor-base\"\n\t\t\t\n\t\t>\n<div class=\"siteorigin-widget-tinymce textwidget\">\n\t<p><img loading=\"lazy\" decoding=\"async\" class=\"alignnone wp-image-2891 size-full\" src=\"https:\/\/epe.utcluj.ro\/wp-content\/uploads\/2026\/02\/ORAR_Sala_9_SMP_2026.jpg\" alt=\"\" width=\"1122\" height=\"793\" srcset=\"https:\/\/epe.utcluj.ro\/wp-content\/uploads\/2026\/02\/ORAR_Sala_9_SMP_2026.jpg 1122w, https:\/\/epe.utcluj.ro\/wp-content\/uploads\/2026\/02\/ORAR_Sala_9_SMP_2026-300x212.jpg 300w, https:\/\/epe.utcluj.ro\/wp-content\/uploads\/2026\/02\/ORAR_Sala_9_SMP_2026-1024x724.jpg 1024w, https:\/\/epe.utcluj.ro\/wp-content\/uploads\/2026\/02\/ORAR_Sala_9_SMP_2026-768x543.jpg 768w\" sizes=\"auto, (max-width: 1122px) 100vw, 1122px\" \/><\/p>\n<\/div>\n<\/div><\/div><div id=\"panel-947-2-0-7\" class=\"so-panel widget widget_sow-editor\" data-index=\"14\" ><div\n\t\t\t\n\t\t\tclass=\"so-widget-sow-editor so-widget-sow-editor-base\"\n\t\t\t\n\t\t><h3 class=\"widget-title\">Platforme pentru testarea \u0219i simularea aplica\u021biilor propuse<\/h3>\n<div class=\"siteorigin-widget-tinymce textwidget\">\n\t<p>\u00cen situa\u021bia actual\u0103, neav\u00e2nd posibilitatea de a accesa resursele fizice din cadrul laboratorului (aparatura), se recomand\u0103 utilizare platformei ThinkerCAD - Circuits:<\/p>\n<p>- <a href=\"https:\/\/www.tinkercad.com\/learn\/circuits\">ThinkerCAD-Circuits<\/a> - platform\u0103 on-line pentru simularea circuitelor cu Arduino;<br \/>\n- <a href=\"https:\/\/www.youtube.com\/watch?v=yJjxeVkL2iU\">Materiale video demonstrative<\/a> pentru ThinkerCAD - Circuits;<br \/>\n- <a href=\"https:\/\/epe.utcluj.ro\/SMP_2020\/MP4\/How_to_use_ThinkerCAD.mp4\">Utilizarea platformei Thinker CAD - Circuits;<\/a><br \/>\n- <a href=\"https:\/\/epe.utcluj.ro\/SMP_2020\/MP4\/ADC_testing.mp4\">Studiul func\u021bion\u0103rii convertorului analog - digital utiliz\u00e2nd platforma de simulare Thinker CAD - Circuits;<\/a><\/p>\n<\/div>\n<\/div><\/div><div id=\"panel-947-2-0-8\" class=\"so-panel widget widget_sow-editor\" data-index=\"15\" ><div\n\t\t\t\n\t\t\tclass=\"so-widget-sow-editor so-widget-sow-editor-base\"\n\t\t\t\n\t\t><h3 class=\"widget-title\">\u00cendrum\u0103torul pentru aplica\u021biile din cadrul \u0219edin\u021belor de laborator<\/h3>\n<div class=\"siteorigin-widget-tinymce textwidget\">\n\t<p>\u00cen cadrul <a href=\"https:\/\/biblioteca.utcluj.ro\/carti-online-cu-coperta.html\">bibliotecii virtuale UTCN<\/a> se reg\u0103sesc c\u0103r\u021bi utile \u00een vederea parcurgerii disciplinelor anuale sau semestriale:<\/p>\n<p>Recomand\u0103m, pentru parcurgerea tematicii propuse \u00een cadrul \u0219edin\u021belor de laborator UTCN materialul gratuit:<\/p>\n<p>\u201e<a href=\"https:\/\/biblioteca.utcluj.ro\/files\/carti-online-cu-coperta\/722-4.pdf\">APLICA\u021aII CU SISTEME MICROPROGRAMABILE \u00ceN INGINERIE ELECTRIC\u0102<\/a>\u201d<\/p>\n<\/div>\n<\/div><\/div><div id=\"panel-947-2-0-9\" class=\"so-panel widget widget_sow-editor panel-last-child\" data-index=\"16\" ><div\n\t\t\t\n\t\t\tclass=\"so-widget-sow-editor so-widget-sow-editor-base\"\n\t\t\t\n\t\t><h3 class=\"widget-title\">Contact<\/h3>\n<div class=\"siteorigin-widget-tinymce textwidget\">\n\t<p>Conf. Dr. Ing. Ioana Gros: Ioana.Gros@emd.utcluj.ro<\/p>\n<p>\u0218. L. Dr. Ing. Pintilie Lucian Nicolae: Lucian.Pintilie@emd.utcluj.ro<\/p>\n<\/div>\n<\/div><\/div><\/div><\/div><\/div>","protected":false},"excerpt":{"rendered":"<p>Sisteme cu microprocesoare Documenta\u021bie pentru laboratorul de Sisteme cu Microprocesoare Introducerea \u00een domeniul sistemelor integrate (eng. Embedded) Scurt\u0103 incursiune \u00een aplica\u021bii cu microcontrolere \u0219i microprocesoare \u00eencorporate, descrierea generalizat\u0103 a domeniului, termeni \u0219i no\u021biuni introductive. Desc\u0103rcare documenta\u021bie Prezentarea metodelor de manipulare a intr\u0103rilor \u0219i ie\u0219irilor digitale de uz general Introducere \u00een limbajul Wiring C++ \u0219i prezentarea [&hellip;]<\/p>\n","protected":false},"author":1,"featured_media":0,"parent":0,"menu_order":0,"comment_status":"closed","ping_status":"closed","template":"","meta":{"footnotes":""},"class_list":["post-947","page","type-page","status-publish","hentry","post"],"_links":{"self":[{"href":"https:\/\/epe.utcluj.ro\/index.php\/wp-json\/wp\/v2\/pages\/947","targetHints":{"allow":["GET"]}}],"collection":[{"href":"https:\/\/epe.utcluj.ro\/index.php\/wp-json\/wp\/v2\/pages"}],"about":[{"href":"https:\/\/epe.utcluj.ro\/index.php\/wp-json\/wp\/v2\/types\/page"}],"author":[{"embeddable":true,"href":"https:\/\/epe.utcluj.ro\/index.php\/wp-json\/wp\/v2\/users\/1"}],"replies":[{"embeddable":true,"href":"https:\/\/epe.utcluj.ro\/index.php\/wp-json\/wp\/v2\/comments?post=947"}],"version-history":[{"count":243,"href":"https:\/\/epe.utcluj.ro\/index.php\/wp-json\/wp\/v2\/pages\/947\/revisions"}],"predecessor-version":[{"id":2892,"href":"https:\/\/epe.utcluj.ro\/index.php\/wp-json\/wp\/v2\/pages\/947\/revisions\/2892"}],"wp:attachment":[{"href":"https:\/\/epe.utcluj.ro\/index.php\/wp-json\/wp\/v2\/media?parent=947"}],"curies":[{"name":"wp","href":"https:\/\/api.w.org\/{rel}","templated":true}]}}