{"id":582,"date":"2017-09-27T14:34:49","date_gmt":"2017-09-27T12:34:49","guid":{"rendered":"http:\/\/epe.utcluj.ro\/?page_id=582"},"modified":"2018-05-25T12:57:18","modified_gmt":"2018-05-25T10:57:18","slug":"pintilie-lucian-nicolae","status":"publish","type":"page","link":"https:\/\/epe.utcluj.ro\/index.php\/pintilie-lucian-nicolae\/","title":{"rendered":"Pintilie Lucian Nicolae"},"content":{"rendered":"<div id=\"pl-582\"  class=\"panel-layout\" ><div id=\"pg-582-0\"  class=\"panel-grid panel-no-style\" ><div id=\"pgc-582-0-0\"  class=\"panel-grid-cell\" ><div id=\"panel-582-0-0-0\" class=\"so-panel widget widget_circleicon-widget panel-first-child panel-last-child\" data-index=\"0\" >\t\t<div class=\"circle-icon-box circle-icon-position-top circle-icon-hide-box circle-icon-size-large \">\n\t\t\t\t\t\t\t<div class=\"circle-icon-wrapper\">\n\t\t\t\t\t\t\t\t\t\t<div class=\"circle-icon icon-style-set\" style=\"background-color: #ffffff\">\n\t\t\t\t\t\t\t\t\t\t\t\t\t<div\n\t\t\t\t\t\t\t\tclass=\"fa fa-id-card  icon-style-set\"\n\t\t\t\t\t\t\t\tstyle=\"color: #000000\"\t\t\t\t\t\t\t><\/div>\n\t\t\t\t\t\t\t\t\t\t\t<\/div>\n\t\t\t\t\t\t\t\t\t<\/div>\n\t\t\t\n\t\t\t\t\t\t\t\t\t\n\t\t\t\t\t\t\t\t<\/div>\n\t\t<\/div><\/div><div id=\"pgc-582-0-1\"  class=\"panel-grid-cell\" ><div id=\"panel-582-0-1-0\" class=\"so-panel widget widget_sow-editor panel-first-child panel-last-child\" data-index=\"1\" ><div\n\t\t\t\n\t\t\tclass=\"so-widget-sow-editor so-widget-sow-editor-base\"\n\t\t\t\n\t\t>\n<div class=\"siteorigin-widget-tinymce textwidget\">\n\t<h1><strong>1. Informa\u0163ii personale:<\/strong><\/h1>\n<ul>\n<li>\n<h2><strong>Nume \u015fi prenume:<\/strong> Pintilie Lucian - Nicolae<\/h2>\n<\/li>\n<li>\n<h2><strong>Data \u015fi locul na\u015fterii:<\/strong> 01.10.1993, Turda, jud. Cluj<\/h2>\n<\/li>\n<li>\n<h2><strong>Domiciliul actual:<\/strong> C\u00e2mpia Turzii; Cluj Napoca;<\/h2>\n<\/li>\n<\/ul>\n<\/div>\n<\/div><\/div><\/div><\/div><div id=\"pg-582-1\"  class=\"panel-grid panel-no-style\" ><div id=\"pgc-582-1-0\"  class=\"panel-grid-cell\" ><div id=\"panel-582-1-0-0\" class=\"so-panel widget widget_circleicon-widget panel-first-child panel-last-child\" data-index=\"2\" >\t\t<div class=\"circle-icon-box circle-icon-position-top circle-icon-hide-box circle-icon-size-large \">\n\t\t\t\t\t\t\t<div class=\"circle-icon-wrapper\">\n\t\t\t\t\t\t\t\t\t\t<div class=\"circle-icon icon-style-set\" style=\"background-color: #ffffff\">\n\t\t\t\t\t\t\t\t\t\t\t\t\t<div\n\t\t\t\t\t\t\t\tclass=\"fa fa-graduation-cap  icon-style-set\"\n\t\t\t\t\t\t\t\tstyle=\"color: #000000\"\t\t\t\t\t\t\t><\/div>\n\t\t\t\t\t\t\t\t\t\t\t<\/div>\n\t\t\t\t\t\t\t\t\t<\/div>\n\t\t\t\n\t\t\t\t\t\t\t\t\t\n\t\t\t\t\t\t\t\t<\/div>\n\t\t<\/div><\/div><div id=\"pgc-582-1-1\"  class=\"panel-grid-cell\" ><div id=\"panel-582-1-1-0\" class=\"so-panel widget widget_sow-editor panel-first-child panel-last-child\" data-index=\"3\" ><div\n\t\t\t\n\t\t\tclass=\"so-widget-sow-editor so-widget-sow-editor-base\"\n\t\t\t\n\t\t>\n<div class=\"siteorigin-widget-tinymce textwidget\">\n\t<h1><strong>2.\u00a0Stagii de preg\u0103tire:<\/strong><\/h1>\n<ul>\n<li>\n<h2><strong>\u015ecoala general\u0103:<\/strong> Liceul Teoretic Pavel Dan C\u00e2mpia Turzii;<\/h2>\n<\/li>\n<li>\n<h2><strong>Liceu:<\/strong> Colegiul Tehnic Victor Ungureanu C\u00e2mpia Turzii<\/h2>\n<\/li>\n<li>\n<h2><strong>Specializare I:<\/strong> Tehnician operator \u00een tehnic\u0103 de calcul;<\/h2>\n<\/li>\n<li>\n<h2><strong>Studii superioare:<\/strong> Facultatea de inginerie electric\u0103;<\/h2>\n<\/li>\n<li>\n<h2><strong>Specializare II:<\/strong> Inginer electrotehnic;<\/h2>\n<\/li>\n<\/ul>\n<\/div>\n<\/div><\/div><\/div><\/div><div id=\"pg-582-2\"  class=\"panel-grid panel-no-style\" ><div id=\"pgc-582-2-0\"  class=\"panel-grid-cell\" ><div id=\"panel-582-2-0-0\" class=\"so-panel widget widget_circleicon-widget panel-first-child panel-last-child\" data-index=\"4\" >\t\t<div class=\"circle-icon-box circle-icon-position-top circle-icon-hide-box circle-icon-size-large \">\n\t\t\t\t\t\t\t<div class=\"circle-icon-wrapper\">\n\t\t\t\t\t\t\t\t\t\t<div class=\"circle-icon icon-style-set\" style=\"background-color: #ffffff\">\n\t\t\t\t\t\t\t\t\t\t\t\t\t<div\n\t\t\t\t\t\t\t\tclass=\"fa fa-wrench  icon-style-set\"\n\t\t\t\t\t\t\t\tstyle=\"color: #000000\"\t\t\t\t\t\t\t><\/div>\n\t\t\t\t\t\t\t\t\t\t\t<\/div>\n\t\t\t\t\t\t\t\t\t<\/div>\n\t\t\t\n\t\t\t\t\t\t\t\t\t\n\t\t\t\t\t\t\t\t<\/div>\n\t\t<\/div><\/div><div id=\"pgc-582-2-1\"  class=\"panel-grid-cell\" ><div id=\"panel-582-2-1-0\" class=\"so-panel widget widget_sow-editor panel-first-child panel-last-child\" data-index=\"5\" ><div\n\t\t\t\n\t\t\tclass=\"so-widget-sow-editor so-widget-sow-editor-base\"\n\t\t\t\n\t\t>\n<div class=\"siteorigin-widget-tinymce textwidget\">\n\t<h1><strong>3. Abilit\u0103\u0163i, meserii, voca\u0163ii:<\/strong><\/h1>\n<ul>\n<li>\n<h2><strong>Limbi str\u0103ine:<\/strong> Englez\u0103 \u015fi Francez\u0103;<\/h2>\n<\/li>\n<li>\n<h2><strong>Domenii de interes:<\/strong><\/h2>\n<p>-sisteme numerice\u00a0programabile;<\/p>\n<p>-\u00eentre\u0163inerea\u00a0calculatoarelor, re\u0163elelor \u015fi arhitecturilor industriale;<\/p>\n<p>-sisteme de telecomunica\u0163ie;<\/p>\n<p>-electronic\u0103 de semnal;<\/p>\n<p>-electronic\u0103 de putere;<\/p>\n<p>-automatiz\u0103ri \u015fi logic\u0103 de control;<\/p>\n<p>-procesarea\u00a0digital\u0103 a\u00a0semnalelor;<\/p>\n<p>-ma\u015fini electrice;<\/p>\n<p>-electrotehnic\u0103;<\/p>\n<p>-senzori, traductoare \u015fi actuatoare;<\/p>\n<p>-instala\u0163ii metrologice, circuite de m\u0103surare \u015fi etalonare;<\/p>\n<\/li>\n<\/ul>\n<\/div>\n<\/div><\/div><\/div><\/div><div id=\"pg-582-3\"  class=\"panel-grid panel-no-style\" ><div id=\"pgc-582-3-0\"  class=\"panel-grid-cell\" ><div id=\"panel-582-3-0-0\" class=\"so-panel widget widget_circleicon-widget panel-first-child panel-last-child\" data-index=\"6\" >\t\t<div class=\"circle-icon-box circle-icon-position-top circle-icon-hide-box circle-icon-size-large \">\n\t\t\t\t\t\t\t<div class=\"circle-icon-wrapper\">\n\t\t\t\t\t\t\t\t\t\t<div class=\"circle-icon icon-style-set\" style=\"background-color: #ffffff\">\n\t\t\t\t\t\t\t\t\t\t\t\t\t<div\n\t\t\t\t\t\t\t\tclass=\"fa fa-clock-o  icon-style-set\"\n\t\t\t\t\t\t\t\tstyle=\"color: #000000\"\t\t\t\t\t\t\t><\/div>\n\t\t\t\t\t\t\t\t\t\t\t<\/div>\n\t\t\t\t\t\t\t\t\t<\/div>\n\t\t\t\n\t\t\t\t\t\t\t\t\t\n\t\t\t\t\t\t\t\t<\/div>\n\t\t<\/div><\/div><div id=\"pgc-582-3-1\"  class=\"panel-grid-cell\" ><div id=\"panel-582-3-1-0\" class=\"so-panel widget widget_sow-editor panel-first-child panel-last-child\" data-index=\"7\" ><div\n\t\t\t\n\t\t\tclass=\"so-widget-sow-editor so-widget-sow-editor-base\"\n\t\t\t\n\t\t>\n<div class=\"siteorigin-widget-tinymce textwidget\">\n\t<h1><a href=\"http:\/\/epe.utcluj.ro\/index.php\/sisteme-de-calcul-in-timp-real\/\">4. Sisteme de calcul \u00een timp real:<\/a><\/h1>\n<p><a href=\"http:\/\/epe.utcluj.ro\/index.php\/sisteme-de-calcul-in-timp-real\/\">Pagin\u0103 pentru studen\u021bi (accesa\u021bi\u00a0de aici!).<\/a><\/p>\n<\/div>\n<\/div><\/div><\/div><\/div><div id=\"pg-582-4\"  class=\"panel-grid panel-no-style\" ><div id=\"pgc-582-4-0\"  class=\"panel-grid-cell\" ><div id=\"panel-582-4-0-0\" class=\"so-panel widget widget_circleicon-widget panel-first-child panel-last-child\" data-index=\"8\" >\t\t<div class=\"circle-icon-box circle-icon-position-top circle-icon-hide-box circle-icon-size-large \">\n\t\t\t\t\t\t\t<div class=\"circle-icon-wrapper\">\n\t\t\t\t\t\t\t\t\t\t<div class=\"circle-icon icon-style-set\" style=\"background-color: #ffffff\">\n\t\t\t\t\t\t\t\t\t\t\t\t\t<div\n\t\t\t\t\t\t\t\tclass=\"fa fa-microchip  icon-style-set\"\n\t\t\t\t\t\t\t\tstyle=\"color: #000000\"\t\t\t\t\t\t\t><\/div>\n\t\t\t\t\t\t\t\t\t\t\t<\/div>\n\t\t\t\t\t\t\t\t\t<\/div>\n\t\t\t\n\t\t\t\t\t\t\t\t\t\n\t\t\t\t\t\t\t\t<\/div>\n\t\t<\/div><\/div><div id=\"pgc-582-4-1\"  class=\"panel-grid-cell\" ><div id=\"panel-582-4-1-0\" class=\"so-panel widget widget_sow-editor panel-first-child panel-last-child\" data-index=\"9\" ><div\n\t\t\t\n\t\t\tclass=\"so-widget-sow-editor so-widget-sow-editor-base\"\n\t\t\t\n\t\t>\n<div class=\"siteorigin-widget-tinymce textwidget\">\n\t<h1><a href=\"https:\/\/epe.utcluj.ro\/index.php\/sisteme-cu-microprocesoare\/\">5. Sisteme cu microprocesoare:<\/a><\/h1>\n<p><a href=\"https:\/\/epe.utcluj.ro\/index.php\/sisteme-cu-microprocesoare\/\">Pagin\u0103 pentru studen\u021bi (accesa\u021bi\u00a0de aici!).<\/a><\/p>\n<\/div>\n<\/div><\/div><\/div><\/div><div id=\"pg-582-5\"  class=\"panel-grid panel-no-style\" ><div id=\"pgc-582-5-0\"  class=\"panel-grid-cell\" ><div id=\"panel-582-5-0-0\" class=\"so-panel widget widget_circleicon-widget panel-first-child panel-last-child\" data-index=\"10\" >\t\t<div class=\"circle-icon-box circle-icon-position-top circle-icon-hide-box circle-icon-size-large \">\n\t\t\t\t\t\t\t<div class=\"circle-icon-wrapper\">\n\t\t\t\t\t\t\t\t\t\t<div class=\"circle-icon icon-style-set\" style=\"background-color: #ffffff\">\n\t\t\t\t\t\t\t\t\t\t\t\t\t<div\n\t\t\t\t\t\t\t\tclass=\"fa fa-puzzle-piece  icon-style-set\"\n\t\t\t\t\t\t\t\tstyle=\"color: #000000\"\t\t\t\t\t\t\t><\/div>\n\t\t\t\t\t\t\t\t\t\t\t<\/div>\n\t\t\t\t\t\t\t\t\t<\/div>\n\t\t\t\n\t\t\t\t\t\t\t\t\t\n\t\t\t\t\t\t\t\t<\/div>\n\t\t<\/div><\/div><div id=\"pgc-582-5-1\"  class=\"panel-grid-cell\" ><div id=\"panel-582-5-1-0\" class=\"so-panel widget widget_sow-editor panel-first-child panel-last-child\" data-index=\"11\" ><div\n\t\t\t\n\t\t\tclass=\"so-widget-sow-editor so-widget-sow-editor-base\"\n\t\t\t\n\t\t>\n<div class=\"siteorigin-widget-tinymce textwidget\">\n\t<h1>6.\u00a0Materiale publice:<\/h1>\n<ul>\n<li>Atestatul profesional pentru specializarea \u201eTehnician operator \u00een tehnic\u0103 de calcul\u201d, cu titlul: \u201eInstalarea sistemului de operare la distan\u021b\u0103\u201d (eng. Remote installation of the operating system) URL: <a href=\"https:\/\/www.scribd.com\/doc\/120271529\/Instalarea-sistemului-de-operare-la-distanta\">https:\/\/www.scribd.com\/doc\/120271529\/Instalarea-sistemului-de-operare-la-distanta<\/a><\/li>\n<li>Compatibilitate electromagnetic\u0103: \u201eTestarea metodelor de supresare a efectelor de interferen\u021b\u0103 \u00een cuplaje de conductive direct\u0103 pentru ma\u0219ina de current continuu cu sistem perie - colector\u201d.<\/li>\n<li>URL_1: <a href=\"https:\/\/www.scribd.com\/presentation\/337907230\/Testarea-Metodelor-de-Supresare-a-Efectelor-de-Interferenta-in-Cuplade-de-Conductie-Directa-Pentru-Masina-de-Curent-Continuu-Cu-Sistem-Perie-Colecto\">https:\/\/www.scribd.com\/presentation\/337907230\/Testarea-Metodelor-de-Supresare-a-Efectelor-de-Interferenta-in-Cuplade-de-Conductie-Directa-Pentru-Masina-de-Curent-Continuu-Cu-Sistem-Perie-Colecto<\/a><\/li>\n<li>URL_2: <a href=\"https:\/\/www.scribd.com\/document\/332298947\/Testarea-metodelor-de-supresare-a-efectelor-de-interferen\u0163\u0103-in-cuplaje-de-conduc\u0163ie-direct\u0103-pentru-ma\u015fina-de-curent-continuu-cu-sistem-perie-colector\">https:\/\/www.scribd.com\/document\/332298947\/Testarea-metodelor-de-supresare-a-efectelor-de-interferen\u0163\u0103-in-cuplaje-de-conduc\u0163ie-direct\u0103-pentru-ma\u015fina-de-curent-continuu-cu-sistem-perie-colector<\/a><\/li>\n<\/ul>\n<\/div>\n<\/div><\/div><\/div><\/div><\/div>","protected":false},"excerpt":{"rendered":"<p>1. Informa\u0163ii personale:Nume \u015fi prenume: Pintilie Lucian &#8211; NicolaeData \u015fi locul na\u015fterii: 01.10.1993, Turda, jud. ClujDomiciliul actual: C\u00e2mpia Turzii; Cluj Napoca; 2.\u00a0Stagii de preg\u0103tire:\u015ecoala general\u0103: Liceul Teoretic Pavel Dan C\u00e2mpia Turzii;Liceu: Colegiul Tehnic Victor Ungureanu C\u00e2mpia TurziiSpecializare I: Tehnician operator \u00een tehnic\u0103 de calcul;Studii superioare: Facultatea de inginerie electric\u0103;Specializare II: Inginer electrotehnic;<\/p>\n","protected":false},"author":1,"featured_media":0,"parent":0,"menu_order":0,"comment_status":"closed","ping_status":"closed","template":"","meta":{"footnotes":""},"class_list":["post-582","page","type-page","status-publish","hentry","post"],"_links":{"self":[{"href":"https:\/\/epe.utcluj.ro\/index.php\/wp-json\/wp\/v2\/pages\/582","targetHints":{"allow":["GET"]}}],"collection":[{"href":"https:\/\/epe.utcluj.ro\/index.php\/wp-json\/wp\/v2\/pages"}],"about":[{"href":"https:\/\/epe.utcluj.ro\/index.php\/wp-json\/wp\/v2\/types\/page"}],"author":[{"embeddable":true,"href":"https:\/\/epe.utcluj.ro\/index.php\/wp-json\/wp\/v2\/users\/1"}],"replies":[{"embeddable":true,"href":"https:\/\/epe.utcluj.ro\/index.php\/wp-json\/wp\/v2\/comments?post=582"}],"version-history":[{"count":20,"href":"https:\/\/epe.utcluj.ro\/index.php\/wp-json\/wp\/v2\/pages\/582\/revisions"}],"predecessor-version":[{"id":965,"href":"https:\/\/epe.utcluj.ro\/index.php\/wp-json\/wp\/v2\/pages\/582\/revisions\/965"}],"wp:attachment":[{"href":"https:\/\/epe.utcluj.ro\/index.php\/wp-json\/wp\/v2\/media?parent=582"}],"curies":[{"name":"wp","href":"https:\/\/api.w.org\/{rel}","templated":true}]}}