{"id":1680,"date":"2020-03-30T10:46:54","date_gmt":"2020-03-30T08:46:54","guid":{"rendered":"https:\/\/epe.utcluj.ro\/?page_id=1680"},"modified":"2020-03-30T16:28:48","modified_gmt":"2020-03-30T14:28:48","slug":"laboratoare_tsra_sorin","status":"publish","type":"page","link":"https:\/\/epe.utcluj.ro\/index.php\/laboratoare_tsra_sorin\/","title":{"rendered":"Laboratoare_TSRA"},"content":{"rendered":"<div id=\"pl-gb1680-69f4a6e779b59\"  class=\"panel-layout\" ><div id=\"pg-gb1680-69f4a6e779b59-0\"  class=\"panel-grid panel-no-style\" ><div id=\"pgc-gb1680-69f4a6e779b59-0-0\"  class=\"panel-grid-cell\" ><div id=\"panel-gb1680-69f4a6e779b59-0-0-0\" class=\"so-panel widget widget_headline-widget panel-first-child panel-last-child\" data-index=\"0\" >\t\t<h1>TEORIA SISTEMELOR \u0218I REGLARE AUTOMAT\u0102<\/h1>\n\t\t<div class=\"decoration\"><div class=\"decoration-inside\"><\/div><\/div>\n\t\t<h3>Pagin\u0103 dedicat\u0103 pentru recuperarea activit\u0103\u021bilor legate de laborator.<\/h3>\n\t\t<\/div><\/div><\/div><div id=\"pg-gb1680-69f4a6e779b59-1\"  class=\"panel-grid panel-no-style\" ><div id=\"pgc-gb1680-69f4a6e779b59-1-0\"  class=\"panel-grid-cell\" ><div id=\"panel-gb1680-69f4a6e779b59-1-0-0\" class=\"so-panel widget widget_sow-editor panel-first-child panel-last-child\" data-index=\"1\" ><div\n\t\t\t\n\t\t\tclass=\"so-widget-sow-editor so-widget-sow-editor-base\"\n\t\t\t\n\t\t><h3 class=\"widget-title\">Instalare Matlab<\/h3>\n<div class=\"siteorigin-widget-tinymce textwidget\">\n\t<p><em><a href=\"https:\/\/www.mathworks.com\/academia\/tah-portal\/universitatea-tehnica-din-cluj-napoca-31428158.html\">Desc\u0103rcare \u0219i instalare<\/a><\/em><\/p>\n<p><em><a href=\"https:\/\/epe.utcluj.ro\/wp-content\/uploads\/2020\/03\/Digital-Signage_UTCN.pdf\">Digital Signage UTCN<\/a><\/em><\/p>\n<\/div>\n<\/div><\/div><\/div><div id=\"pgc-gb1680-69f4a6e779b59-1-1\"  class=\"panel-grid-cell\" ><div id=\"panel-gb1680-69f4a6e779b59-1-1-0\" class=\"so-panel widget widget_sow-editor panel-first-child panel-last-child\" data-index=\"2\" ><div\n\t\t\t\n\t\t\tclass=\"so-widget-sow-editor so-widget-sow-editor-base\"\n\t\t\t\n\t\t>\n<div class=\"siteorigin-widget-tinymce textwidget\">\n\t<p>Pentru desc\u0103rcarea programului este necesar un cont de e-mail asociat cu UTCN.<\/p>\n<p>\u00cen cazul \u00een care acesta este inexistent \u0219i se dore\u0219te crearea unuia nou cont, se recomand\u0103 consultarea urm\u0103toarelor adrese:<\/p>\n<ul>\n<li><a href=\"https:\/\/intranet.utcluj.ro\/add_student\">Intranet UTCN<\/a><\/li>\n<li><a href=\"https:\/\/sinu.utcluj.ro\/default.asp\">SINU<\/a><\/li>\n<\/ul>\n<\/div>\n<\/div><\/div><\/div><\/div><div id=\"pg-gb1680-69f4a6e779b59-2\"  class=\"panel-grid panel-no-style\" ><div id=\"pgc-gb1680-69f4a6e779b59-2-0\"  class=\"panel-grid-cell\" ><div id=\"panel-gb1680-69f4a6e779b59-2-0-0\" class=\"so-panel widget widget_sow-editor panel-first-child panel-last-child\" data-index=\"3\" ><div\n\t\t\t\n\t\t\tclass=\"so-widget-sow-editor so-widget-sow-editor-base\"\n\t\t\t\n\t\t><h3 class=\"widget-title\">Recuperare Laboratoare<\/h3>\n<div class=\"siteorigin-widget-tinymce textwidget\">\n\t<\/div>\n<\/div><\/div><\/div><div id=\"pgc-gb1680-69f4a6e779b59-2-1\"  class=\"panel-grid-cell\" ><div id=\"panel-gb1680-69f4a6e779b59-2-1-0\" class=\"so-panel widget widget_sow-editor panel-first-child panel-last-child\" data-index=\"4\" ><div\n\t\t\t\n\t\t\tclass=\"so-widget-sow-editor so-widget-sow-editor-base\"\n\t\t\t\n\t\t>\n<div class=\"siteorigin-widget-tinymce textwidget\">\n\t<p>Laboratoarele care se au \u00een vedere pentru a fi parcurse vor fi cele aflate pe platforma <a href=\"https:\/\/teams.microsoft.com\/_#\/my\/file-aggregate\">Microsoft Teams<\/a> <em>(Lab1 &#8230; Lab8)<\/em><\/p>\n<\/div>\n<\/div><\/div><\/div><\/div><div id=\"pg-gb1680-69f4a6e779b59-3\"  class=\"panel-grid panel-no-style\" ><div id=\"pgc-gb1680-69f4a6e779b59-3-0\"  class=\"panel-grid-cell\" ><div id=\"panel-gb1680-69f4a6e779b59-3-0-0\" class=\"so-panel widget widget_sow-editor panel-first-child panel-last-child\" data-index=\"5\" ><div\n\t\t\t\n\t\t\tclass=\"so-widget-sow-editor so-widget-sow-editor-base\"\n\t\t\t\n\t\t>\n<div class=\"siteorigin-widget-tinymce textwidget\">\n\t<hr \/>\n<p style=\"text-align: left;\">\n<\/div>\n<\/div><\/div><\/div><\/div><div id=\"pg-gb1680-69f4a6e779b59-4\"  class=\"panel-grid panel-no-style\" ><div id=\"pgc-gb1680-69f4a6e779b59-4-0\"  class=\"panel-grid-cell\" ><div id=\"panel-gb1680-69f4a6e779b59-4-0-0\" class=\"so-panel widget widget_sow-editor panel-first-child panel-last-child\" data-index=\"6\" ><div\n\t\t\t\n\t\t\tclass=\"so-widget-sow-editor so-widget-sow-editor-base\"\n\t\t\t\n\t\t><h3 class=\"widget-title\">Materiale \u0219i aspecte posibile, ce vor fi dezb\u0103tute \u00een viitor<\/h3>\n<div class=\"siteorigin-widget-tinymce textwidget\">\n\t<ul>\n<li><a href=\"https:\/\/epe.utcluj.ro\/wp-content\/uploads\/2020\/03\/Lab2_2020_site.pdf\">No\u021biuni modelare MCC<\/a><\/li>\n<li><a href=\"https:\/\/epe.utcluj.ro\/wp-content\/uploads\/2020\/03\/Relatii-de-calcul.pdf\">Rela\u021bii de calcul<\/a><\/li>\n<li><a href=\"https:\/\/epe.utcluj.ro\/wp-content\/uploads\/2020\/03\/Aplicatie_mcc.pdf\">Aplica\u021bie<\/a><\/li>\n<\/ul>\n<p><em>Nota: Eventuale discu\u021bii despre abordarea aspectelor din aceast\u0103 sec\u021biune se vor realiza punctual, dup\u0103 re\u00eenceperea activit\u0103\u021bii de laborator.<\/em><\/p>\n<p style=\"text-align: left;\">\n<\/div>\n<\/div><\/div><\/div><div id=\"pgc-gb1680-69f4a6e779b59-4-1\"  class=\"panel-grid-cell panel-grid-cell-mobile-last\" ><div id=\"panel-gb1680-69f4a6e779b59-4-1-0\" class=\"so-panel widget widget_sow-editor panel-first-child panel-last-child\" data-index=\"7\" ><div\n\t\t\t\n\t\t\tclass=\"so-widget-sow-editor so-widget-sow-editor-base\"\n\t\t\t\n\t\t><h3 class=\"widget-title\">Informa\u021bii utile<\/h3>\n<div class=\"siteorigin-widget-tinymce textwidget\">\n\t<p>Tutoriale Video despre Teoria \u0219i Controlul Sistemelor<\/p>\n<ul>\n<li><a href=\"https:\/\/www.youtube.com\/playlist?list=PLUMWjy5jgHK1NC52DXXrriwihVrYZKqjk\">Classical Control Theory<\/a> &#8211; introducere<\/li>\n<li><a href=\"https:\/\/www.youtube.com\/user\/ControlLectures\/playlists\">Control System Lectures<\/a> &#8211; Brian Douglas (canal complet)<\/li>\n<\/ul>\n<p>Matematic\u0103<\/p>\n<ul>\n<li><a href=\"https:\/\/www.youtube.com\/channel\/UCYO_jab_esuFRV4b17AJtAw\/featured\">3Blue1Brown<\/a> &#8211; Canal Youtube<\/li>\n<li><a href=\"https:\/\/www.symbolab.com\/solver\/inverse-laplace-calculator\">Symbolab<\/a> &#8211; calculator simbolic<\/li>\n<\/ul>\n<p>&nbsp;<\/p>\n<\/div>\n<\/div><\/div><\/div><div id=\"pgc-gb1680-69f4a6e779b59-4-2\"  class=\"panel-grid-cell panel-grid-cell-empty\" ><\/div><\/div><\/div>\n\n\n<p><\/p>\n","protected":false},"excerpt":{"rendered":"<p>Desc\u0103rcare \u0219i instalare Digital Signage UTCN Pentru desc\u0103rcarea programului este necesar un cont de e-mail asociat cu UTCN. \u00cen cazul \u00een care acesta este inexistent \u0219i se dore\u0219te crearea unuia nou cont, se recomand\u0103 consultarea urm\u0103toarelor adrese: Intranet UTCN SINU<\/p>\n","protected":false},"author":1,"featured_media":0,"parent":0,"menu_order":0,"comment_status":"closed","ping_status":"closed","template":"home-panels.php","meta":{"footnotes":""},"class_list":["post-1680","page","type-page","status-publish","hentry","post"],"_links":{"self":[{"href":"https:\/\/epe.utcluj.ro\/index.php\/wp-json\/wp\/v2\/pages\/1680","targetHints":{"allow":["GET"]}}],"collection":[{"href":"https:\/\/epe.utcluj.ro\/index.php\/wp-json\/wp\/v2\/pages"}],"about":[{"href":"https:\/\/epe.utcluj.ro\/index.php\/wp-json\/wp\/v2\/types\/page"}],"author":[{"embeddable":true,"href":"https:\/\/epe.utcluj.ro\/index.php\/wp-json\/wp\/v2\/users\/1"}],"replies":[{"embeddable":true,"href":"https:\/\/epe.utcluj.ro\/index.php\/wp-json\/wp\/v2\/comments?post=1680"}],"version-history":[{"count":42,"href":"https:\/\/epe.utcluj.ro\/index.php\/wp-json\/wp\/v2\/pages\/1680\/revisions"}],"predecessor-version":[{"id":1731,"href":"https:\/\/epe.utcluj.ro\/index.php\/wp-json\/wp\/v2\/pages\/1680\/revisions\/1731"}],"wp:attachment":[{"href":"https:\/\/epe.utcluj.ro\/index.php\/wp-json\/wp\/v2\/media?parent=1680"}],"curies":[{"name":"wp","href":"https:\/\/api.w.org\/{rel}","templated":true}]}}