{"id":1200,"date":"2019-09-28T21:43:32","date_gmt":"2019-09-28T19:43:32","guid":{"rendered":"https:\/\/epe.utcluj.ro\/?page_id=1200"},"modified":"2020-12-16T21:12:58","modified_gmt":"2020-12-16T19:12:58","slug":"materiale_actuale_sctr_2020","status":"publish","type":"page","link":"https:\/\/epe.utcluj.ro\/index.php\/materiale_actuale_sctr_2020\/","title":{"rendered":"materiale_actuale_sctr_2020"},"content":{"rendered":"<div id=\"pl-1200\"  class=\"panel-layout\" ><div id=\"pg-1200-0\"  class=\"panel-grid panel-has-style\" ><div class=\"wide-grey panel-row-style panel-row-style-for-1200-0\" ><div id=\"pgc-1200-0-0\"  class=\"panel-grid-cell\" ><div id=\"panel-1200-0-0-0\" class=\"so-panel widget widget_headline-widget panel-first-child panel-last-child\" data-index=\"0\" >\t\t<h1>Sisteme de calcul \u00een timp real<\/h1>\n\t\t<div class=\"decoration\"><div class=\"decoration-inside\"><\/div><\/div>\n\t\t<h3>Pagin\u0103 dedicat\u0103 studen\u021bilor \u0219i cadrelor didactice<\/h3>\n\t\t<\/div><\/div><\/div><\/div><div id=\"pg-1200-1\"  class=\"panel-grid panel-no-style\" ><div id=\"pgc-1200-1-0\"  class=\"panel-grid-cell panel-grid-cell-empty\" ><\/div><\/div><div id=\"pg-1200-2\"  class=\"panel-grid panel-no-style\" ><div id=\"pgc-1200-2-0\"  class=\"panel-grid-cell\" ><div id=\"panel-1200-2-0-0\" class=\"so-panel widget widget_circleicon-widget panel-first-child\" data-index=\"1\" >\t\t<div class=\"circle-icon-box circle-icon-position-top circle-icon-hide-box circle-icon-size-large \">\n\t\t\t\t\t\t\t<div class=\"circle-icon-wrapper\">\n\t\t\t\t\t\t\t\t\t\t<div class=\"circle-icon\" >\n\t\t\t\t\t\t\t\t\t\t\t\t\t<div\n\t\t\t\t\t\t\t\tclass=\"fa fa-file-powerpoint-o\"\n\t\t\t\t\t\t\t\tstyle=\"color: #3ee0db\"\t\t\t\t\t\t\t><\/div>\n\t\t\t\t\t\t\t\t\t\t\t<\/div>\n\t\t\t\t\t\t\t\t\t<\/div>\n\t\t\t\n\t\t\t\t\t\t\t\t\t\t<h4 >\n\t\t\t\t\tAspecte teoretice\t\t\t\t<\/h4>\n\t\t\t\t\t\t\n\t\t\t\t\t\t\t<p class=\"text\" >\n\t\t\t\t\u00cen aceast\u0103 categorie se vor reg\u0103si prezent\u0103rile p\u0103r\u021bii teoretice scrise a aplica\u021biei practice din cadrul \u0219edin\u021bei de laborator...\t\t\t<\/p>\n\t\t\t\t\t\t\t\t<\/div>\n\t\t<\/div><div id=\"panel-1200-2-0-1\" class=\"so-panel widget widget_sow-editor\" data-index=\"2\" ><div\n\t\t\t\n\t\t\tclass=\"so-widget-sow-editor so-widget-sow-editor-base\"\n\t\t\t\n\t\t><h3 class=\"widget-title\">Laborator I<\/h3>\n<div class=\"siteorigin-widget-tinymce textwidget\">\n\t<p><a href=\"https:\/\/epe.utcluj.ro\/SCTR_2020\/Lab_I_2020.pdf\">Lab_I_2020.pdf<\/a><br \/>\n<a href=\"https:\/\/epe.utcluj.ro\/SCTR_2020\/Laborator_1_rezumat.pdf\">Lab_I_2020_rezumat<\/a><br \/>\n<a href=\"https:\/\/epe.utcluj.ro\/SCTR_2020\/SMP_LAB_V.pdf\">SMP_LAB_V.pdf<\/a><\/p>\n<\/div>\n<\/div><\/div><div id=\"panel-1200-2-0-2\" class=\"so-panel widget widget_sow-editor\" data-index=\"3\" ><div\n\t\t\t\n\t\t\tclass=\"so-widget-sow-editor so-widget-sow-editor-base\"\n\t\t\t\n\t\t><h3 class=\"widget-title\">Laborator II<\/h3>\n<div class=\"siteorigin-widget-tinymce textwidget\">\n\t<p><a href=\"https:\/\/epe.utcluj.ro\/SCTR_2020\/Lab_II_2020.pdf\">Lab_II_2020.pdf<\/a><br \/>\n<a href=\"https:\/\/epe.utcluj.ro\/SCTR_2020\/Laborator_2_rezumat.pdf\">Lab_II_2020_rezumat<\/a><br \/>\n<a href=\"https:\/\/epe.utcluj.ro\/SCTR_2020\/VTC_ATTiny_45_85.pdf\">VTC_ATTiny_45_85.pdf<\/a><\/p>\n<\/div>\n<\/div><\/div><div id=\"panel-1200-2-0-3\" class=\"so-panel widget widget_sow-editor\" data-index=\"4\" ><div\n\t\t\t\n\t\t\tclass=\"so-widget-sow-editor so-widget-sow-editor-base\"\n\t\t\t\n\t\t><h3 class=\"widget-title\">Laborator III<\/h3>\n<div class=\"siteorigin-widget-tinymce textwidget\">\n\t<p><a href=\"https:\/\/epe.utcluj.ro\/SCTR_2020\/Lab_III_2020.pdf\">Lab_III_2020.pdf<\/a><br \/>\n<a href=\"https:\/\/epe.utcluj.ro\/SCTR_2020\/Laborator_3_rezumat.pdf\">Lab_III_2020_rezumat<\/a><br \/>\n<a href=\"https:\/\/epe.utcluj.ro\/SCTR_2020\/Colectarea_rezultatelor_de_simulare.pdf\">Ghid_pentru_colectarea_datelor_de_simulare<\/a><\/p>\n<\/div>\n<\/div><\/div><div id=\"panel-1200-2-0-4\" class=\"so-panel widget widget_sow-editor\" data-index=\"5\" ><div\n\t\t\t\n\t\t\tclass=\"so-widget-sow-editor so-widget-sow-editor-base\"\n\t\t\t\n\t\t><h3 class=\"widget-title\">Laborator IV<\/h3>\n<div class=\"siteorigin-widget-tinymce textwidget\">\n\t<p><a href=\"https:\/\/epe.utcluj.ro\/SCTR_2020\/Lab_IV_2020.pdf\">Lab_IV_2020.pdf<\/a><br \/>\n<a href=\"https:\/\/epe.utcluj.ro\/SCTR_2020\/Laborator_4_rezumat.pdf\">Lab_IV_2020_rezumat<\/a><\/p>\n<\/div>\n<\/div><\/div><div id=\"panel-1200-2-0-5\" class=\"so-panel widget widget_sow-editor\" data-index=\"6\" ><div\n\t\t\t\n\t\t\tclass=\"so-widget-sow-editor so-widget-sow-editor-base\"\n\t\t\t\n\t\t><h3 class=\"widget-title\">Laborator V<\/h3>\n<div class=\"siteorigin-widget-tinymce textwidget\">\n\t<p><a href=\"https:\/\/epe.utcluj.ro\/SCTR_2020\/Lab_V_2020.pdf\">Lab_V_2020.pdf<\/a><br \/>\n<a href=\"https:\/\/epe.utcluj.ro\/SCTR_2020\/Laborator_5_rezumat.pdf\">Lab_V_2020_rezumat<\/a><\/p>\n<\/div>\n<\/div><\/div><div id=\"panel-1200-2-0-6\" class=\"so-panel widget widget_sow-editor panel-last-child\" data-index=\"7\" ><div\n\t\t\t\n\t\t\tclass=\"so-widget-sow-editor so-widget-sow-editor-base\"\n\t\t\t\n\t\t><h3 class=\"widget-title\">Articol I2C - Ethernet<\/h3>\n<div class=\"siteorigin-widget-tinymce textwidget\">\n\t<p><a href=\"https:\/\/epe.utcluj.ro\/SCTR_2020\/I2c_ethernet.pdf\">Prezentare_I2C_Ethernet<\/a><\/p>\n<p><a href=\"https:\/\/epe.utcluj.ro\/SCTR_2020\/An_I2C_and_Ethernet_based_open-source_solution_for_home_automation.pdf\">Articol_I2C_Ethernet<\/a><\/p>\n<\/div>\n<\/div><\/div><\/div><div id=\"pgc-1200-2-1\"  class=\"panel-grid-cell\" ><div id=\"panel-1200-2-1-0\" class=\"so-panel widget widget_circleicon-widget panel-first-child\" data-index=\"8\" >\t\t<div class=\"circle-icon-box circle-icon-position-top circle-icon-hide-box circle-icon-size-large \">\n\t\t\t\t\t\t\t<div class=\"circle-icon-wrapper\">\n\t\t\t\t\t\t\t\t\t\t<div class=\"circle-icon icon-style-set\" style=\"background-color: #000000\">\n\t\t\t\t\t\t\t\t\t\t\t\t\t<div\n\t\t\t\t\t\t\t\tclass=\"fa fa-code-fork  icon-style-set\"\n\t\t\t\t\t\t\t\tstyle=\"color: #b383e2\"\t\t\t\t\t\t\t><\/div>\n\t\t\t\t\t\t\t\t\t\t\t<\/div>\n\t\t\t\t\t\t\t\t\t<\/div>\n\t\t\t\n\t\t\t\t\t\t\t\t\t\t<h4 >\n\t\t\t\t\tScheme, schi\u021be, fi\u0219e desene tehnice\t\t\t\t<\/h4>\n\t\t\t\t\t\t\n\t\t\t\t\t\t\t<p class=\"text\" >\n\t\t\t\t\u00cen aceast\u0103 categorie, se vor reg\u0103si, materialele auxiliare de natur\u0103 tehnic\u0103 precum: foi de date, scheme de reglare \u0219i de circuit etc...\t\t\t<\/p>\n\t\t\t\t\t\t\t\t<\/div>\n\t\t<\/div><div id=\"panel-1200-2-1-1\" class=\"so-panel widget widget_sow-editor\" data-index=\"9\" ><div\n\t\t\t\n\t\t\tclass=\"so-widget-sow-editor so-widget-sow-editor-base\"\n\t\t\t\n\t\t><h3 class=\"widget-title\">Laborator II<\/h3>\n<div class=\"siteorigin-widget-tinymce textwidget\">\n\t<p><a href=\"https:\/\/epe.utcluj.ro\/SCTR_2020\/SCH\/VTC_schematic.emf\">Variator de tensiune continu\u0103<\/a><br \/>\n<a href=\"https:\/\/epe.utcluj.ro\/SCTR_2020\/HCPL_A3120.pdf\">Optocuplor HCPL-A3120<\/a><\/p>\n<\/div>\n<\/div><\/div><div id=\"panel-1200-2-1-2\" class=\"so-panel widget widget_sow-editor\" data-index=\"10\" ><div\n\t\t\t\n\t\t\tclass=\"so-widget-sow-editor so-widget-sow-editor-base\"\n\t\t\t\n\t\t><h3 class=\"widget-title\">Laborator III<\/h3>\n<div class=\"siteorigin-widget-tinymce textwidget\">\n\t<p><a href=\"https:\/\/epe.utcluj.ro\/SCTR_2020\/ACS_712_current_sensor.pdf\">Senzor_de_curent_ACS_712<\/a><br \/>\n<a href=\"https:\/\/epe.utcluj.ro\/SCTR_2020\/A7900_Isolated_Amplifier.pdf\">Amplificator izolat A7900<\/a><br \/>\n<a href=\"https:\/\/epe.utcluj.ro\/SCTR_2020\/IR2111_half_bridge_driver.pdf\">Circuit formator impuls de comand\u0103 IR2111<\/a><br \/>\n<a href=\"https:\/\/epe.utcluj.ro\/SCTR_2020\/Electronic_load.pdf\">Sarcin\u0103 electronic\u0103 liniar\u0103<\/a><br \/>\n<a href=\"https:\/\/epe.utcluj.ro\/SCTR_2020\/Input_filter.pdf\">Filtru de intrare<\/a><br \/>\n<a href=\"https:\/\/epe.utcluj.ro\/SCTR_2020\/Synchronous_buck_schematics.pdf\">Convertor \u201eBuck\u201d sincron<\/a><\/p>\n<\/div>\n<\/div><\/div><div id=\"panel-1200-2-1-3\" class=\"so-panel widget widget_sow-editor panel-last-child\" data-index=\"11\" ><div\n\t\t\t\n\t\t\tclass=\"so-widget-sow-editor so-widget-sow-editor-base\"\n\t\t\t\n\t\t><h3 class=\"widget-title\">Articol I2C - Ethernet<\/h3>\n<div class=\"siteorigin-widget-tinymce textwidget\">\n\t<p><a href=\"https:\/\/epe.utcluj.ro\/SCTR_2020\/SCH\/Ierarhie.png\">Schem\u0103 structur\u0103 ierarhic\u0103<\/a><\/p>\n<p><a href=\"https:\/\/epe.utcluj.ro\/SCTR_2020\/SCH\/I2C_Bus.svg\">Schem\u0103 magistral\u0103 I2C<\/a><\/p>\n<p><a href=\"https:\/\/epe.utcluj.ro\/SCTR_2020\/SCH\/SW.svg\">Schem\u0103 modul \u00eentreruptor<\/a><\/p>\n<p><a href=\"https:\/\/epe.utcluj.ro\/SCTR_2020\/SCH\/Relay.svg\">Schem\u0103 modul releu<\/a><\/p>\n<p><a href=\"https:\/\/epe.utcluj.ro\/SCTR_2020\/SCH\/TinyVTC_SCH.svg\">Schem\u0103 modul variator<\/a><\/p>\n<p><a href=\"https:\/\/epe.utcluj.ro\/SCTR_2020\/SCH\/Switch.jpg\">Modul \u00eentreruptor<\/a><\/p>\n<p><a href=\"https:\/\/epe.utcluj.ro\/SCTR_2020\/SCH\/Relay.jpg\">Modul releu<\/a><\/p>\n<p><a href=\"https:\/\/epe.utcluj.ro\/SCTR_2020\/SCH\/VoltageVariator.jpg\">Modul variator<\/a><\/p>\n<p><a href=\"https:\/\/epe.utcluj.ro\/SCTR_2020\/SCH\/Platform_1.jpg\">Platforma de lucru 1 (varianta veche)<\/a><\/p>\n<p><a href=\"https:\/\/epe.utcluj.ro\/SCTR_2020\/SCH\/Platform_2.jpg\">Platforma de lucru 2 (varianta veche)<\/a><\/p>\n<p><a href=\"https:\/\/epe.utcluj.ro\/SCTR_2020\/SCH\/new_platform.jpg\">Platforma de lucru nou\u0103 (varianta actual\u0103)<\/a><\/p>\n<p><a href=\"https:\/\/epe.utcluj.ro\/SCTR_2020\/Video\/Python_I2C.mp4\">Material video demonstrativ (Python)<\/a><\/p>\n<p><a href=\"https:\/\/epe.utcluj.ro\/SCTR_2020\/Video\/NodeRed_I2C.mp4\">Material video demonstrativ (NodeRed)<\/a><\/p>\n<p>&nbsp;<\/p>\n<\/div>\n<\/div><\/div><\/div><div id=\"pgc-1200-2-2\"  class=\"panel-grid-cell\" ><div id=\"panel-1200-2-2-0\" class=\"so-panel widget widget_circleicon-widget panel-first-child\" data-index=\"12\" >\t\t<div class=\"circle-icon-box circle-icon-position-top circle-icon-hide-box circle-icon-size-large \">\n\t\t\t\t\t\t\t<div class=\"circle-icon-wrapper\">\n\t\t\t\t\t\t\t\t\t\t<div class=\"circle-icon\" >\n\t\t\t\t\t\t\t\t\t\t\t\t\t<div\n\t\t\t\t\t\t\t\tclass=\"fa fa-code\"\n\t\t\t\t\t\t\t\tstyle=\"color: #dd3333\"\t\t\t\t\t\t\t><\/div>\n\t\t\t\t\t\t\t\t\t\t\t<\/div>\n\t\t\t\t\t\t\t\t\t<\/div>\n\t\t\t\n\t\t\t\t\t\t\t\t\t\t<h4 >\n\t\t\t\t\tPrograme, simul\u0103ri, modele matematice\t\t\t\t<\/h4>\n\t\t\t\t\t\t\n\t\t\t\t\t\t\t<p class=\"text\" >\n\t\t\t\t\u00cen aceast\u0103 categorie, se reg\u0103sesc fi\u0219iere surs\u0103 pentru programe \u0219i modele matematice de simulare\t\t\t<\/p>\n\t\t\t\t\t\t\t\t<\/div>\n\t\t<\/div><div id=\"panel-1200-2-2-1\" class=\"so-panel widget widget_sow-editor\" data-index=\"13\" ><div\n\t\t\t\n\t\t\tclass=\"so-widget-sow-editor so-widget-sow-editor-base\"\n\t\t\t\n\t\t><h3 class=\"widget-title\">Laborator I<\/h3>\n<div class=\"siteorigin-widget-tinymce textwidget\">\n\t<p><a href=\"https:\/\/epe.utcluj.ro\/SCTR_2020\/SLX\/DI.slx\">Model intr\u0103ri digitale<\/a><br \/>\n<a href=\"https:\/\/epe.utcluj.ro\/SCTR_2020\/SLX\/DO.slx\">Model ie\u0219iri digitale<\/a><br \/>\n<a href=\"https:\/\/epe.utcluj.ro\/SCTR_2020\/SLX\/Uf.slx\">Model U \/ f = &lt;const.&gt;<\/a><\/p>\n<\/div>\n<\/div><\/div><div id=\"panel-1200-2-2-2\" class=\"so-panel widget widget_sow-editor\" data-index=\"14\" ><div\n\t\t\t\n\t\t\tclass=\"so-widget-sow-editor so-widget-sow-editor-base\"\n\t\t\t\n\t\t><h3 class=\"widget-title\">Laborator II<\/h3>\n<div class=\"siteorigin-widget-tinymce textwidget\">\n\t<p><a href=\"https:\/\/epe.utcluj.ro\/SCTR_2020\/SLX\/Digital_Test.slx\">Model comand\u0103 releu<\/a><br \/>\n<a href=\"https:\/\/epe.utcluj.ro\/SCTR_2020\/SLX\/PWM_Test.slx\">Comand\u0103 PWM Simulink<\/a><br \/>\n<a href=\"https:\/\/epe.utcluj.ro\/SCTR_2020\/SLX\/PWM_Digital_Test.slx\">Comand\u0103 PWM + poten\u021biometru<\/a><br \/>\n<a href=\"https:\/\/epe.utcluj.ro\/SCTR_2020\/SLX\/Unda_purtatoare.slx\">Model und\u0103 purt\u0103toare<\/a><br \/>\n<a href=\"https:\/\/epe.utcluj.ro\/SCTR_2020\/SLX\/Unda_modulata.slx\">Model und\u0103 modulat\u0103<\/a><br \/>\n<a href=\"https:\/\/epe.utcluj.ro\/SCTR_2020\/SLX\/VTC.slx\">Model variator de tensiune continu\u0103 I<\/a><br \/>\n<a href=\"https:\/\/epe.utcluj.ro\/SCTR_2020\/SLX\/VTC_control.slx\">Model variator de tensiune continu\u0103 II<\/a><\/p>\n<\/div>\n<\/div><\/div><div id=\"panel-1200-2-2-3\" class=\"so-panel widget widget_sow-editor\" data-index=\"15\" ><div\n\t\t\t\n\t\t\tclass=\"so-widget-sow-editor so-widget-sow-editor-base\"\n\t\t\t\n\t\t><h3 class=\"widget-title\">Laborator III<\/h3>\n<div class=\"siteorigin-widget-tinymce textwidget\">\n\t<p><a href=\"https:\/\/epe.utcluj.ro\/SCTR_2020\/SLX\/Synchronous_buck_open_loop.slx\">Model convertor \u201eBuck\u201d sincron \u00een bucl\u0103 deschis\u0103<\/a><br \/>\n<a href=\"https:\/\/epe.utcluj.ro\/SCTR_2020\/SLX\/Synchronous_buck_closed_loop.slx\">Model convertor \u201eBuck\u201d sincron \u00een bucl\u0103 \u00eenchis\u0103<\/a><br \/>\n<a href=\"https:\/\/epe.utcluj.ro\/SCTR_2020\/adio_with_fast_pwm_9.ino\">ArduinoIO_sketch_31_kHz_PWM<\/a><\/p>\n<\/div>\n<\/div><\/div><div id=\"panel-1200-2-2-4\" class=\"so-panel widget widget_sow-editor panel-last-child\" data-index=\"16\" ><div\n\t\t\t\n\t\t\tclass=\"so-widget-sow-editor so-widget-sow-editor-base\"\n\t\t\t\n\t\t><h3 class=\"widget-title\">Articol I2C - Ethernet<\/h3>\n<div class=\"siteorigin-widget-tinymce textwidget\">\n\t<p><a href=\"https:\/\/epe.utcluj.ro\/SCTR_2020\/I2C_IOT\/I2C_Switch_1.ino\">Cod - program ATTiny - modul \u00eentreruptor<\/a><\/p>\n<p><a href=\"https:\/\/epe.utcluj.ro\/SCTR_2020\/I2C_IOT\/Slave_attiny_relay.ino\">Cod - program ATTiny - modul releu<\/a><\/p>\n<p><a href=\"https:\/\/epe.utcluj.ro\/SCTR_2020\/I2C_IOT\/Slave_attiny_PWM.ino\">Cod - program ATTiny - modul variator<\/a><\/p>\n<p><a href=\"https:\/\/epe.utcluj.ro\/SCTR_2020\/I2C_IOT\/LM75a.py\">Cod - program senzor de temperatur\u0103<\/a><\/p>\n<p><a href=\"https:\/\/epe.utcluj.ro\/SCTR_2020\/I2C_IOT\/i2ctest.py\">Cod - program general<\/a><\/p>\n<p><a href=\"https:\/\/epe.utcluj.ro\/SCTR_2020\/I2C_IOT\/micropython-am2320-master.zip\">Bibleotec\u0103 de func\u021bii pentru senzorul AM2320<\/a><\/p>\n<p>&nbsp;<\/p>\n<p>&nbsp;<\/p>\n<p>&nbsp;<\/p>\n<\/div>\n<\/div><\/div><\/div><\/div><div id=\"pg-1200-3\"  class=\"panel-grid panel-no-style\" ><div id=\"pgc-1200-3-0\"  class=\"panel-grid-cell\" ><div id=\"panel-1200-3-0-0\" class=\"so-panel widget widget_sow-editor panel-first-child panel-last-child\" data-index=\"17\" ><div\n\t\t\t\n\t\t\tclass=\"so-widget-sow-editor so-widget-sow-editor-base\"\n\t\t\t\n\t\t>\n<div class=\"siteorigin-widget-tinymce textwidget\">\n\t<\/div>\n<\/div><\/div><\/div><div id=\"pgc-1200-3-1\"  class=\"panel-grid-cell\" ><div id=\"panel-1200-3-1-0\" class=\"so-panel widget widget_sow-editor panel-first-child panel-last-child\" data-index=\"18\" ><div\n\t\t\t\n\t\t\tclass=\"so-widget-sow-editor so-widget-sow-editor-base\"\n\t\t\t\n\t\t>\n<div class=\"siteorigin-widget-tinymce textwidget\">\n\t<\/div>\n<\/div><\/div><\/div><div id=\"pgc-1200-3-2\"  class=\"panel-grid-cell\" ><div id=\"panel-1200-3-2-0\" class=\"so-panel widget widget_sow-editor panel-first-child panel-last-child\" data-index=\"19\" ><div\n\t\t\t\n\t\t\tclass=\"so-widget-sow-editor so-widget-sow-editor-base\"\n\t\t\t\n\t\t>\n<div class=\"siteorigin-widget-tinymce textwidget\">\n\t<\/div>\n<\/div><\/div><\/div><\/div><div id=\"pg-1200-4\"  class=\"panel-grid panel-no-style\" ><div id=\"pgc-1200-4-0\"  class=\"panel-grid-cell panel-grid-cell-empty\" ><\/div><\/div><div id=\"pg-1200-5\"  class=\"panel-grid panel-no-style\" ><div id=\"pgc-1200-5-0\"  class=\"panel-grid-cell\" ><div id=\"panel-1200-5-0-0\" class=\"so-panel widget widget_siteorigin-panels-builder panel-first-child panel-last-child\" data-index=\"20\" ><div id=\"pl-w5f78e0ec18db0\"  class=\"panel-layout\" ><div id=\"pg-w5f78e0ec18db0-0\"  class=\"panel-grid panel-no-style\" ><div id=\"pgc-w5f78e0ec18db0-0-0\"  class=\"panel-grid-cell\" ><div id=\"panel-w5f78e0ec18db0-0-0-0\" class=\"so-panel widget widget_text panel-first-child panel-last-child\" data-index=\"0\" ><h3 class=\"widget-title\">Date de contact<\/h3>\t\t\t<div class=\"textwidget\"><p>Responsabil curs:<br \/>\nSzoke Eniko: Eniko.Szoke@emd.utcluj.ro<br \/>\nSala de curs: strada Observatorului nr. 2, sala 13 C<\/p>\n<p>Responsabil laborator:<br \/>\nPintilie Lucian &#8211; Nicolae: Lucian.Pintilie@emd.utcluj.ro<br \/>\nSala de laborator: strada Observatorului nr. 2, sala 9<\/p>\n<\/div>\n\t\t<\/div><\/div><\/div><\/div><\/div><\/div><\/div><\/div>","protected":false},"excerpt":{"rendered":"<p>Sisteme de calcul \u00een timp real Pagin\u0103 dedicat\u0103 studen\u021bilor \u0219i cadrelor didactice Aspecte teoretice \u00cen aceast\u0103 categorie se vor reg\u0103si prezent\u0103rile p\u0103r\u021bii teoretice scrise a aplica\u021biei practice din cadrul \u0219edin\u021bei de laborator&#8230; Laborator I Lab_I_2020.pdf Lab_I_2020_rezumat SMP_LAB_V.pdf Laborator II Lab_II_2020.pdf Lab_II_2020_rezumat VTC_ATTiny_45_85.pdf Laborator III Lab_III_2020.pdf Lab_III_2020_rezumat Ghid_pentru_colectarea_datelor_de_simulare Laborator IV Lab_IV_2020.pdf Lab_IV_2020_rezumat Laborator V Lab_V_2020.pdf Lab_V_2020_rezumat [&hellip;]<\/p>\n","protected":false},"author":1,"featured_media":0,"parent":0,"menu_order":0,"comment_status":"closed","ping_status":"closed","template":"","meta":{"footnotes":""},"class_list":["post-1200","page","type-page","status-publish","hentry","post"],"_links":{"self":[{"href":"https:\/\/epe.utcluj.ro\/index.php\/wp-json\/wp\/v2\/pages\/1200","targetHints":{"allow":["GET"]}}],"collection":[{"href":"https:\/\/epe.utcluj.ro\/index.php\/wp-json\/wp\/v2\/pages"}],"about":[{"href":"https:\/\/epe.utcluj.ro\/index.php\/wp-json\/wp\/v2\/types\/page"}],"author":[{"embeddable":true,"href":"https:\/\/epe.utcluj.ro\/index.php\/wp-json\/wp\/v2\/users\/1"}],"replies":[{"embeddable":true,"href":"https:\/\/epe.utcluj.ro\/index.php\/wp-json\/wp\/v2\/comments?post=1200"}],"version-history":[{"count":109,"href":"https:\/\/epe.utcluj.ro\/index.php\/wp-json\/wp\/v2\/pages\/1200\/revisions"}],"predecessor-version":[{"id":1958,"href":"https:\/\/epe.utcluj.ro\/index.php\/wp-json\/wp\/v2\/pages\/1200\/revisions\/1958"}],"wp:attachment":[{"href":"https:\/\/epe.utcluj.ro\/index.php\/wp-json\/wp\/v2\/media?parent=1200"}],"curies":[{"name":"wp","href":"https:\/\/api.w.org\/{rel}","templated":true}]}}