{"id":1024,"date":"2018-09-25T14:05:08","date_gmt":"2018-09-25T12:05:08","guid":{"rendered":"http:\/\/epe.utcluj.ro\/?page_id=1024"},"modified":"2020-10-03T22:41:18","modified_gmt":"2020-10-03T20:41:18","slug":"materiale_actuale_sctr_2018","status":"publish","type":"page","link":"https:\/\/epe.utcluj.ro\/index.php\/materiale_actuale_sctr_2018\/","title":{"rendered":"materiale_actuale_sctr_2018"},"content":{"rendered":"<div id=\"pl-1024\"  class=\"panel-layout\" ><div id=\"pg-1024-0\"  class=\"panel-grid panel-has-style\" ><div class=\"wide-grey panel-row-style panel-row-style-for-1024-0\" ><div id=\"pgc-1024-0-0\"  class=\"panel-grid-cell\" ><div id=\"panel-1024-0-0-0\" class=\"so-panel widget widget_headline-widget panel-first-child panel-last-child\" data-index=\"0\" >\t\t<h1>Sisteme de calcul \u00een timp real<\/h1>\n\t\t<div class=\"decoration\"><div class=\"decoration-inside\"><\/div><\/div>\n\t\t<h3>Pagin\u0103 dedicat\u0103 studen\u021bilor \u0219i cadrelor didactice<\/h3>\n\t\t<\/div><\/div><\/div><\/div><div id=\"pg-1024-1\"  class=\"panel-grid panel-no-style\" ><div id=\"pgc-1024-1-0\"  class=\"panel-grid-cell\" ><div id=\"panel-1024-1-0-0\" class=\"so-panel widget widget_circleicon-widget panel-first-child\" data-index=\"1\" >\t\t<div class=\"circle-icon-box circle-icon-position-top circle-icon-hide-box circle-icon-size-large \">\n\t\t\t\t\t\t\t<div class=\"circle-icon-wrapper\">\n\t\t\t\t\t\t\t\t\t\t<div class=\"circle-icon\" >\n\t\t\t\t\t\t\t\t\t\t\t\t\t<div\n\t\t\t\t\t\t\t\tclass=\"fa fa-file-powerpoint-o\"\n\t\t\t\t\t\t\t\tstyle=\"color: #3ee0db\"\t\t\t\t\t\t\t><\/div>\n\t\t\t\t\t\t\t\t\t\t\t<\/div>\n\t\t\t\t\t\t\t\t\t<\/div>\n\t\t\t\n\t\t\t\t\t\t\t\t\t\t<h4 >\n\t\t\t\t\tAspecte teoretice\t\t\t\t<\/h4>\n\t\t\t\t\t\t\n\t\t\t\t\t\t\t<p class=\"text\" >\n\t\t\t\t\u00cen aceast\u0103 categorie se vor reg\u0103si prezent\u0103rile p\u0103r\u021bii teoretice scrise a aplica\u021biei practice din cadrul \u0219edin\u021bei de laborator...\t\t\t<\/p>\n\t\t\t\t\t\t\t\t<\/div>\n\t\t<\/div><div id=\"panel-1024-1-0-1\" class=\"so-panel widget widget_sow-editor panel-last-child\" data-index=\"2\" ><div\n\t\t\t\n\t\t\tclass=\"so-widget-sow-editor so-widget-sow-editor-base\"\n\t\t\t\n\t\t>\n<div class=\"siteorigin-widget-tinymce textwidget\">\n\t<p>----------------2018---------------------<\/p>\n<p><a href=\"https:\/\/epe.utcluj.ro\/SCTR\/SCTR_8_10_2018\/VSM\/GHID_IMAGINI_VISSIM.rar\">IMAGINI_GHID_VISSIM_DSP<\/a><\/p>\n<p><a href=\"https:\/\/epe.utcluj.ro\/SCTR\/SCTR_8_10_2018\/PDF\/SCTR_python_conectare.pdf\">PUTTY_PYTHON_PRIMII_PA\u0218I<\/a><\/p>\n<p><a href=\"https:\/\/epe.utcluj.ro\/SCTR\/SCTR_8_10_2018\/PDF\/SCTR_python.pdf\">SINTAXA LIMBAJULUI PYTHON<\/a><\/p>\n<p><a href=\"https:\/\/epe.utcluj.ro\/SCTR\/SCTR_8_10_2018\/PDF\/SCTR_Aplicatii.pdf\">APLICA\u021aII ALE SCTR<\/a><\/p>\n<p>RECOMAND\u0102RI EXTERNE:<\/p>\n<p><a href=\"https:\/\/ti.tuwien.ac.at\/cps\/teaching\/courses\/real-time-systems\">Universitatea_Tehnic\u0103_din_Viena<\/a><\/p>\n<p><a href=\"http:\/\/ctms.engin.umich.edu\/CTMS\/index.php?aux=Index_Activities\">Universitatea_Tehnic\u0103_din_Michigan<\/a><\/p>\n<p>ASPECTE TEORETICE -\u00a0LABORATOR<\/p>\n<p><a href=\"https:\/\/epe.utcluj.ro\/SCTR\/SCTR_8_10_2018\/PDF\/SCTR_LAB_2.pdf\">Prezentare laborator nr. 2<\/a><\/p>\n<p><a href=\"https:\/\/epe.utcluj.ro\/SCTR\/SCTR_8_10_2018\/PDF\/SCTR_LAB_3.pdf\">Prezentare laborator nr. 3<\/a><\/p>\n<p><a href=\"https:\/\/epe.utcluj.ro\/SCTR\/SCTR_8_10_2018\/PDF\/SCTR_LAB_4.pdf\">Prezentare laborator nr. 4<\/a><\/p>\n<p>DOCUMENTA\u021aIE AUXILIAR\u0102:<\/p>\n<p><a href=\"https:\/\/epe.utcluj.ro\/SCTR\/Indicatii\/Teorema_lui_Nyquist_Shannon.pdf\">Teorema_lui_Nyquist-Shannon<\/a><\/p>\n<p>PROBLEME \u00ceN INGINERIE ELECTRIC\u0102<\/p>\n<p><a href=\"https:\/\/epe.utcluj.ro\/SCTR\/Indicatii\/Abordarea_unei_teme_de_examinare_Cap_I.pdf\">Micro-controller<\/a><\/p>\n<p><a href=\"https:\/\/epe.utcluj.ro\/SCTR\/Indicatii\/Abordarea_unei_teme_de_examinare_Cap_II.pdf\">Procesor_digital_de_semnal<\/a><\/p>\n<p>---------------2019---------------<\/p>\n<p>DOCUMENTA\u0162IE MICROCONTROLLER:<\/p>\n<p>Laborator I:<\/p>\n<p><a href=\"https:\/\/www.arduino.cc\/en\/Tutorial\/ArduinoToBreadboard\">Citat Arduino.cc<\/a><\/p>\n<p><a href=\"http:\/\/tuxamito.com\/wiki\/index.php\/Using_external_programmers_(USBasp)\">Citat Tuxamito.com<\/a><\/p>\n<p><a href=\"https:\/\/camo.githubusercontent.com\/c55beef2f138da61fe671a1e4a307ff4ffbc318d\/68747470733a2f2f692e696d6775722e636f6d2f715849456368542e6a7067\">ConfigGitHub<\/a><\/p>\n<p><a href=\"https:\/\/www.youtube.com\/watch?v=npc3uzEVvc0\">Video 1<\/a><\/p>\n<p><a href=\"http:\/\/ww1.microchip.com\/downloads\/en\/devicedoc\/doc2503.pdf\">Catalog ATMega 328p<\/a><\/p>\n<p>Laborator II:<\/p>\n<p><a href=\"https:\/\/www.arduino.cc\/en\/Tutorial\/HelloWorld\">Citat Arduino.cc<\/a><\/p>\n<p><a href=\"https:\/\/randomnerdtutorials.com\/arduino-display-the-led-brightness-on-a-lcd-16x2\/\">Citat Randomnerdtutorials.com<\/a><\/p>\n<p><a href=\"https:\/\/www.youtube.com\/watch?time_continue=11&amp;v=sAklcqiywPw\">Video 1 - Variator - Poten\u021biometru + LCD<\/a><\/p>\n<p><a href=\"https:\/\/www.youtube.com\/watch?v=peyN6IsX_2M\">Video 2 - Variator - Butoane + LCD<\/a><\/p>\n<p><a href=\"https:\/\/www.sparkfun.com\/datasheets\/LCD\/HD44780.pdf\">Catalog LCD<\/a><\/p>\n<p>&nbsp;<\/p>\n<p>DOCUMENTA\u0162IE DSP:<\/p>\n<p>Laborator III:<\/p>\n<p><a href=\"https:\/\/www.allaboutcircuits.com\/technical-articles\/an-introduction-to-digital-signal-processing\/\">DSP: Articol\u00a0 allaboutcircuits.com<\/a><\/p>\n<p><a href=\"https:\/\/www.analog.com\/en\/design-center\/landing-pages\/001\/beginners-guide-to-dsp.html#\">DSP: Articol analog.com<\/a><\/p>\n<p><a href=\"https:\/\/www.intervalzero.com\/processors\/the-difference-between-a-dsp-microcontroller-and-a-processor\/\">DSP: Articol intervalzero.com<\/a><\/p>\n<p><a href=\"https:\/\/www.youtube.com\/watch?v=HShf_9CFjUg\">Video 1 - SolidThinking Embed (VisSim - Altair)<\/a><\/p>\n<p><a href=\"https:\/\/www.youtube.com\/watch?v=ddOAXbAg_Pw\">Video 2 - Matlab - Buck<\/a><\/p>\n<p>Laborator IV:<\/p>\n<p><a href=\"https:\/\/www.mathworks.com\/help\/physmod\/simscape\/ug\/what-is-hardware-in-the-loop-simulation.html\">HIL: Articol MathWorks<\/a><\/p>\n<p><a href=\"https:\/\/www.mathworks.com\/solutions\/rapid-prototyping\/embedded-control-systems.html\">RCP: Articol MathWorks<\/a><\/p>\n<p><a href=\"https:\/\/www.mathworks.com\/company\/newsletters\/articles\/processor-in-the-loop-simulation-on-embedded-linux-boards.html\">PIL: Articol MathWorks<\/a><\/p>\n<p><a href=\"https:\/\/www.youtube.com\/watch?v=Fr-8TJzThjQ\">Video 1 - PLECS HIL Demo<\/a><\/p>\n<p><a href=\"https:\/\/www.plexim.com\/support\/videos\/mom_may_2018_rcp\">Video 2 - PLECS RCP Demo<\/a><\/p>\n<p><a href=\"https:\/\/www.youtube.com\/watch?v=xwcdV621rwc\">Video 3 - PIL Code Verification<\/a><\/p>\n<p>&nbsp;<\/p>\n<p>DOCUMENTA\u0162IE MICRO - COMPUTER:<\/p>\n<p>Laborator V:<\/p>\n<p><a href=\"https:\/\/jayconsystems.com\/blog\/microprocessor-vs-microcontroller-vs-microcomputer\">Articol Jayconsystems - MICROPROCESSOR VS MICROCONTROLLER<\/a><\/p>\n<p><a href=\"https:\/\/www.computerhope.com\/jargon\/o\/onboard.htm\">Articol ComputerHope - What is \"On - Board\"?<\/a><\/p>\n<p><a href=\"https:\/\/en.wikipedia.org\/wiki\/System_on_a_chip\">Articol Wikipedia - System On a Chip (SoC)<\/a><\/p>\n<p><a href=\"https:\/\/en.wikipedia.org\/wiki\/Single-board_computer\">Articol Wikipedia - Single - board computer\u00a0<\/a><\/p>\n<p><a href=\"https:\/\/en.wikipedia.org\/wiki\/Raspberry_Pi\">Articol Wikipedia - What is \"RaspBerryPI\"?<\/a><\/p>\n<p><a href=\"https:\/\/en.wikipedia.org\/wiki\/Node-RED\">Articol Wikipedia - Node - RED<\/a><\/p>\n<p><a href=\"https:\/\/nodered.org\/\">Articol \"nodered.org\" - What is \"Node - RED\"?\u00a0<\/a><\/p>\n<p><a href=\"https:\/\/www.mathworks.com\/hardware-support\/raspberry-pi-simulink.html\">Articol MathWorks - Simulink and RaspberryPI<\/a><\/p>\n<p><a href=\"https:\/\/www.youtube.com\/watch?v=1ejO4hKbyWs\">Material video 1: Light LED ON \/ OFF using Node Red<\/a><\/p>\n<p><a href=\"https:\/\/www.youtube.com\/watch?v=M0Mjo0J1X_Q\">Material video 2: Raspberry Pi with Node-RED Tutorial<\/a><\/p>\n<\/div>\n<\/div><\/div><\/div><div id=\"pgc-1024-1-1\"  class=\"panel-grid-cell\" ><div id=\"panel-1024-1-1-0\" class=\"so-panel widget widget_circleicon-widget panel-first-child\" data-index=\"3\" >\t\t<div class=\"circle-icon-box circle-icon-position-top circle-icon-hide-box circle-icon-size-large \">\n\t\t\t\t\t\t\t<div class=\"circle-icon-wrapper\">\n\t\t\t\t\t\t\t\t\t\t<div class=\"circle-icon icon-style-set\" style=\"background-color: #000000\">\n\t\t\t\t\t\t\t\t\t\t\t\t\t<div\n\t\t\t\t\t\t\t\tclass=\"fa fa-code-fork  icon-style-set\"\n\t\t\t\t\t\t\t\tstyle=\"color: #b383e2\"\t\t\t\t\t\t\t><\/div>\n\t\t\t\t\t\t\t\t\t\t\t<\/div>\n\t\t\t\t\t\t\t\t\t<\/div>\n\t\t\t\n\t\t\t\t\t\t\t\t\t\t<h4 >\n\t\t\t\t\tScheme, schi\u021be, fi\u0219e desene tehnice\t\t\t\t<\/h4>\n\t\t\t\t\t\t\n\t\t\t\t\t\t\t<p class=\"text\" >\n\t\t\t\t\u00cen aceast\u0103 categorie, se vor reg\u0103si, materialele auxiliare de natur\u0103 tehnic\u0103 precum: foi de date, scheme de reglare \u0219i de circuit etc...\t\t\t<\/p>\n\t\t\t\t\t\t\t\t<\/div>\n\t\t<\/div><div id=\"panel-1024-1-1-1\" class=\"so-panel widget widget_sow-editor panel-last-child\" data-index=\"4\" ><div\n\t\t\t\n\t\t\tclass=\"so-widget-sow-editor so-widget-sow-editor-base\"\n\t\t\t\n\t\t>\n<div class=\"siteorigin-widget-tinymce textwidget\">\n\t<p>SCHEME ELECTRICE<\/p>\n<p><a href=\"https:\/\/epe.utcluj.ro\/SCTR\/Scheme\/SCTR_Lab1_DORTI_SCH.pdf\">Ie\u0219irea_digital\u0103<\/a><\/p>\n<p><a href=\"https:\/\/epe.utcluj.ro\/SCTR\/Scheme\/SCTR_Lab2_DIRTI_SCH.pdf\">Intrarea_digital\u0103<\/a><\/p>\n<p><a href=\"https:\/\/epe.utcluj.ro\/SCTR\/Scheme\/SCTR_Lab2_ADCIRTI_SCH.pdf\">Intrarea_analogic\u0103<\/a><\/p>\n<p><a href=\"https:\/\/epe.utcluj.ro\/SCTR\/Scheme\/SCTR_Lab4_AMCCAE_buck_SCH.pdf\">Convertor_Buck<\/a><\/p>\n<p>\u00a0<\/p>\n<p>\u00a0<\/p>\n<p>\u00a0<\/p>\n<\/div>\n<\/div><\/div><\/div><div id=\"pgc-1024-1-2\"  class=\"panel-grid-cell\" ><div id=\"panel-1024-1-2-0\" class=\"so-panel widget widget_circleicon-widget panel-first-child\" data-index=\"5\" >\t\t<div class=\"circle-icon-box circle-icon-position-top circle-icon-hide-box circle-icon-size-large \">\n\t\t\t\t\t\t\t<div class=\"circle-icon-wrapper\">\n\t\t\t\t\t\t\t\t\t\t<div class=\"circle-icon\" >\n\t\t\t\t\t\t\t\t\t\t\t\t\t<div\n\t\t\t\t\t\t\t\tclass=\"fa fa-code\"\n\t\t\t\t\t\t\t\tstyle=\"color: #dd3333\"\t\t\t\t\t\t\t><\/div>\n\t\t\t\t\t\t\t\t\t\t\t<\/div>\n\t\t\t\t\t\t\t\t\t<\/div>\n\t\t\t\n\t\t\t\t\t\t\t\t\t\t<h4 >\n\t\t\t\t\tPrograme, simul\u0103ri, modele matematice\t\t\t\t<\/h4>\n\t\t\t\t\t\t\n\t\t\t\t\t\t\t<p class=\"text\" >\n\t\t\t\t\u00cen aceast\u0103 categorie, se reg\u0103sesc fi\u0219iere surs\u0103 pentru programe \u0219i modele matematice de simulare\t\t\t<\/p>\n\t\t\t\t\t\t\t\t<\/div>\n\t\t<\/div><div id=\"panel-1024-1-2-1\" class=\"so-panel widget widget_sow-editor panel-last-child\" data-index=\"6\" ><div\n\t\t\t\n\t\t\tclass=\"so-widget-sow-editor so-widget-sow-editor-base\"\n\t\t\t\n\t\t>\n<div class=\"siteorigin-widget-tinymce textwidget\">\n\t<p>INSTRUC\u021aIUNI TEXT<\/p>\n<p><a href=\"https:\/\/epe.utcluj.ro\/SCTR\/ArduinoIO\/SCTR_configurare_Raspberry.txt\">Configurare RaspBerryPI<\/a><\/p>\n<p>COD ARDUINO:<\/p>\n<p><a href=\"https:\/\/epe.utcluj.ro\/SCTR\/SCTR_8_10_2018\/Sketch\/ino_interrupt.rar\">\u00centreruperi_1<\/a><\/p>\n<p><a href=\"https:\/\/epe.utcluj.ro\/SCTR\/SCTR_8_10_2018\/Sketch\/i_interrupt.rar\">\u00centreruperi_2<\/a><\/p>\n<p><a href=\"https:\/\/epe.utcluj.ro\/SCTR\/SCTR_8_10_2018\/Sketch\/RTOS.rar\">Sistem_de_operare_arduino<\/a><\/p>\n<p>MODELE SIMULINK:<\/p>\n<p><a href=\"https:\/\/epe.utcluj.ro\/SCTR\/SCTR_8_10_2018\/Models\/SCTR_Lab3_PWM_WP.rar\">Principiu_PWM<\/a><\/p>\n<p><a href=\"https:\/\/epe.utcluj.ro\/SCTR\/SCTR_8_10_2018\/Models\/SCTR_Lab3_BUCK_WP_SL.rar\">Convertor_Buck<\/a><\/p>\n<p>MODEL VISSIM:<\/p>\n<p><a href=\"https:\/\/epe.utcluj.ro\/SCTR\/SCTR_8_10_2018\/VSM\/PWtest.rar\">Generare_PWM<\/a><\/p>\n<p>UTILITARE<\/p>\n<p><a href=\"https:\/\/epe.utcluj.ro\/SCTR\/SCTR_8_10_2018\/Programs\/VisSim_9\/vsinst.exe\">VisSim_9_TRIAL<\/a><\/p>\n<p><a href=\"https:\/\/epe.utcluj.ro\/SCTR\/SCTR_8_10_2018\/Programs\/VisSim_9\/vsemb_patch.exe\">VisSim_9_PATCH<\/a><\/p>\n<p><a href=\"https:\/\/epe.utcluj.ro\/SCTR\/SCTR_8_10_2018\/Programs\/sdcardformatter\/sdf.exe\">SDCard_Formatter<\/a><\/p>\n<p><a href=\"https:\/\/epe.utcluj.ro\/SCTR\/SCTR_8_10_2018\/Programs\/sdcardimager\/sdi.exe\">SDCard_Imager<\/a><\/p>\n<p><a href=\"https:\/\/epe.utcluj.ro\/SCTR\/SCTR_8_10_2018\/Programs\/w32diskimager\/w32dim.exe\">W32_Disk_Imager<\/a><\/p>\n<p><a href=\"https:\/\/epe.utcluj.ro\/SCTR\/SCTR_8_10_2018\/Programs\/PuTTY\/PuTTY.rar\">PuTTY_Terminal<\/a><\/p>\n<p><a href=\"https:\/\/epe.utcluj.ro\/SCTR\/SCTR_8_10_2018\/Programs\/WinSCP\/WinSCP.rar\">Win_SCP<\/a><\/p>\n<\/div>\n<\/div><\/div><\/div><\/div><div id=\"pg-1024-2\"  class=\"panel-grid panel-no-style\" ><div id=\"pgc-1024-2-0\"  class=\"panel-grid-cell\" ><div id=\"panel-1024-2-0-0\" class=\"so-panel widget widget_sow-editor panel-first-child panel-last-child\" data-index=\"7\" ><div\n\t\t\t\n\t\t\tclass=\"so-widget-sow-editor so-widget-sow-editor-base\"\n\t\t\t\n\t\t>\n<div class=\"siteorigin-widget-tinymce textwidget\">\n\t<\/div>\n<\/div><\/div><\/div><div id=\"pgc-1024-2-1\"  class=\"panel-grid-cell\" ><div id=\"panel-1024-2-1-0\" class=\"so-panel widget widget_sow-editor panel-first-child panel-last-child\" data-index=\"8\" ><div\n\t\t\t\n\t\t\tclass=\"so-widget-sow-editor so-widget-sow-editor-base\"\n\t\t\t\n\t\t>\n<div class=\"siteorigin-widget-tinymce textwidget\">\n\t<\/div>\n<\/div><\/div><\/div><div id=\"pgc-1024-2-2\"  class=\"panel-grid-cell\" ><div id=\"panel-1024-2-2-0\" class=\"so-panel widget widget_sow-editor panel-first-child panel-last-child\" data-index=\"9\" ><div\n\t\t\t\n\t\t\tclass=\"so-widget-sow-editor so-widget-sow-editor-base\"\n\t\t\t\n\t\t>\n<div class=\"siteorigin-widget-tinymce textwidget\">\n\t<\/div>\n<\/div><\/div><\/div><\/div><div id=\"pg-1024-3\"  class=\"panel-grid panel-no-style\" ><div id=\"pgc-1024-3-0\"  class=\"panel-grid-cell\" ><div id=\"panel-1024-3-0-0\" class=\"so-panel widget widget_siteorigin-panels-builder panel-first-child panel-last-child\" data-index=\"10\" ><div id=\"pl-w5f78e1e6b0301\"  class=\"panel-layout\" ><div id=\"pg-w5f78e1e6b0301-0\"  class=\"panel-grid panel-no-style\" ><div id=\"pgc-w5f78e1e6b0301-0-0\"  class=\"panel-grid-cell\" ><div id=\"panel-w5f78e1e6b0301-0-0-0\" class=\"so-panel widget widget_text panel-first-child panel-last-child\" data-index=\"0\" ><h3 class=\"widget-title\">Date de contact<\/h3>\t\t\t<div class=\"textwidget\"><p>Responsabil curs:<br \/>\nSzoke Eniko: Eniko.Szoke@emd.utcluj.ro<br \/>\nSala de curs: strada Observatorului nr. 2, sala 13 C<\/p>\n<p>Responsabil laborator:<br \/>\nPintilie Lucian &#8211; Nicolae: Lucian.Pintilie@emd.utcluj.ro<br \/>\nSala de laborator: strada Observatorului nr. 2, sala 9<\/p>\n<\/div>\n\t\t<\/div><\/div><\/div><\/div><\/div><\/div><\/div><\/div>","protected":false},"excerpt":{"rendered":"<p>&#8212;&#8212;&#8212;&#8212;&#8212;-2018&#8212;&#8212;&#8212;&#8212;&#8212;&#8212;&#8212; IMAGINI_GHID_VISSIM_DSP PUTTY_PYTHON_PRIMII_PA\u0218I SINTAXA LIMBAJULUI PYTHON APLICA\u021aII ALE SCTR RECOMAND\u0102RI EXTERNE: Universitatea_Tehnic\u0103_din_Viena Universitatea_Tehnic\u0103_din_Michigan ASPECTE TEORETICE &#8211;\u00a0LABORATOR Prezentare laborator nr. 2 Prezentare laborator nr. 3 Prezentare laborator nr. 4 DOCUMENTA\u021aIE AUXILIAR\u0102: Teorema_lui_Nyquist-Shannon PROBLEME \u00ceN INGINERIE ELECTRIC\u0102 Micro-controller Procesor_digital_de_semnal &#8212;&#8212;&#8212;&#8212;&#8212;2019&#8212;&#8212;&#8212;&#8212;&#8212; DOCUMENTA\u0162IE MICROCONTROLLER: Laborator I: Citat Arduino.cc Citat Tuxamito.com ConfigGitHub Video 1 Catalog ATMega 328p Laborator II: Citat [&hellip;]<\/p>\n","protected":false},"author":1,"featured_media":0,"parent":0,"menu_order":0,"comment_status":"closed","ping_status":"closed","template":"","meta":{"footnotes":""},"class_list":["post-1024","page","type-page","status-publish","hentry","post"],"_links":{"self":[{"href":"https:\/\/epe.utcluj.ro\/index.php\/wp-json\/wp\/v2\/pages\/1024","targetHints":{"allow":["GET"]}}],"collection":[{"href":"https:\/\/epe.utcluj.ro\/index.php\/wp-json\/wp\/v2\/pages"}],"about":[{"href":"https:\/\/epe.utcluj.ro\/index.php\/wp-json\/wp\/v2\/types\/page"}],"author":[{"embeddable":true,"href":"https:\/\/epe.utcluj.ro\/index.php\/wp-json\/wp\/v2\/users\/1"}],"replies":[{"embeddable":true,"href":"https:\/\/epe.utcluj.ro\/index.php\/wp-json\/wp\/v2\/comments?post=1024"}],"version-history":[{"count":54,"href":"https:\/\/epe.utcluj.ro\/index.php\/wp-json\/wp\/v2\/pages\/1024\/revisions"}],"predecessor-version":[{"id":1855,"href":"https:\/\/epe.utcluj.ro\/index.php\/wp-json\/wp\/v2\/pages\/1024\/revisions\/1855"}],"wp:attachment":[{"href":"https:\/\/epe.utcluj.ro\/index.php\/wp-json\/wp\/v2\/media?parent=1024"}],"curies":[{"name":"wp","href":"https:\/\/api.w.org\/{rel}","templated":true}]}}